{"id":15098,"date":"2025-03-24T18:58:02","date_gmt":"2025-03-24T18:58:02","guid":{"rendered":"https:\/\/batemanpowerwash.com\/services-de-lavage-a-haute-pression-residentiels\/"},"modified":"2026-04-17T04:04:30","modified_gmt":"2026-04-17T04:04:30","slug":"services-de-lavage-a-haute-pression-residentiels","status":"publish","type":"page","link":"https:\/\/batemanpowerwash.com\/fr\/services-de-lavage-a-haute-pression-residentiels\/","title":{"rendered":"Services de lavage \u00e0 haute pression r\u00e9sidentiels"},"content":{"rendered":"\n<div class=\"wp-block-cover alignfull orphic-motion-animation has-contrast-color has-text-color has-link-color wp-elements-4118e642afa46d93c3e230a427a7d9e3\" style=\"margin-top:0;margin-bottom:0;padding-top:var(--wp--preset--spacing--70);padding-bottom:var(--wp--preset--spacing--70);min-height:100px;aspect-ratio:unset;\" data-animation-type=\"fadeIn\" data-animation-distance=\"50\" data-animation-duration=\"300\" data-animation-delay=\"0\" data-animation-trigger=\"10\" data-scroll-behavior=\"playOnView\"><img loading=\"lazy\" decoding=\"async\" width=\"1024\" height=\"576\" class=\"wp-block-cover__image-background wp-image-9342\" alt=\"\" src=\"https:\/\/batemanpowerwash.com\/wp-content\/uploads\/2025\/03\/-1741885039.png\" data-object-fit=\"cover\" srcset=\"https:\/\/batemanpowerwash.com\/wp-content\/uploads\/2025\/03\/-1741885039.png 1024w, https:\/\/batemanpowerwash.com\/wp-content\/uploads\/2025\/03\/-1741885039-300x169.png 300w, https:\/\/batemanpowerwash.com\/wp-content\/uploads\/2025\/03\/-1741885039-768x432.png 768w\" sizes=\"auto, (max-width: 1024px) 100vw, 1024px\" \/><span aria-hidden=\"true\" class=\"wp-block-cover__background has-background-dim-100 has-background-dim wp-block-cover__gradient-background has-background-gradient\" style=\"background:linear-gradient(0deg,rgb(255,255,255) 0%,rgba(255,255,255,0) 100%)\"><\/span><div class=\"wp-block-cover__inner-container has-global-padding is-layout-constrained wp-container-core-cover-is-layout-c31b0537 wp-block-cover-is-layout-constrained\">\n\n<h1 class=\"has-text-align-center has-link-color wp-elements-639df3fba03c9dfc932a9e6dab251238 wp-block-post-title has-text-color has-contrast-color\">Services de lavage \u00e0 haute pression r\u00e9sidentiels<\/h1><\/div><\/div>\n\n<div style=\"height:var(--wp--preset--spacing--50)\" aria-hidden=\"true\" class=\"wp-block-spacer\"><\/div>\n<div class=\"olympus-services accelerator service-description alignnone wp-block-acf-services\">\n  <!-- setup query -->\n  \n  <!-- print services -->\n  <div class=\"olympus-services-wrapper\">\n    \n                              <div class=\"service-card-big row-reverse\" style=\"flex-direction:row-reverse\">\n              <div class=\"service-card-big__img\" style=\"border-top-right-radius: 5px;border-bottom-right-radius: 5px;background-image:url(https:\/\/batemanpowerwash.com\/wp-content\/uploads\/2025\/03\/Untitled-design-11.png);\"><\/div>\n              <div class=\"service-card-big__content\" style=\"background:#470013;color:var(--wp--preset--color--base);\">\n                <div class=\"service-tags-container\">\n                                  <\/div>\n                <h2>Lavage de terrasses<\/h2>\n                <p><p>\u00c9liminez les moisissures et le vieillissement du bois et du vinyle. Pr\u00e9parez les surfaces \u00e0 \u00eatre teint\u00e9es ou donnez-leur un aspect neuf. <\/p>\n<br><\/p>\n                <div class=\"olympus-services-btn-group\">\n                                      <div class=\"wp-block-button\">\n                      <a href=\"https:\/\/batemanpowerwash.com\/fr\/services-de-lavage-a-haute-pression-residentiels\/lavage-de-la-terrasse\/\" class=\"wp-block-button__link wp-element-button\" style=\"background:#000000;color:#ffffff;border-color:#000000;\">R\u00e9server maintenant<\/a>\n                    <\/div>\n                                    <a href=\"https:\/\/batemanpowerwash.com\/fr\/services\/lavage-de-la-terrasse\/\" class=\"learn-more-link\" style=\"color:var(--wp--preset--color--base);\">Lire plus<\/a>\n                <\/div>\n              <\/div>\n            <\/div>\n                  \n    \n                              <div class=\"service-card-big row\" style=\"flex-direction:row\">\n              <div class=\"service-card-big__img\" style=\"border-top-left-radius: 5px;border-bottom-left-radius: 5px;background-image:url(https:\/\/batemanpowerwash.com\/wp-content\/uploads\/2025\/11\/interlock-sealing-2048x1363-1-1024x682.jpg);\"><\/div>\n              <div class=\"service-card-big__content\" style=\"background:#470013;color:var(--wp--preset--color--base);\">\n                <div class=\"service-tags-container\">\n                                  <\/div>\n                <h2>Lavage d&rsquo;entr\u00e9es de garage<\/h2>\n                <p><p>\u00c9liminez les taches d&rsquo;huile, la salet\u00e9 et la crasse des surfaces en b\u00e9ton et pav\u00e9es. Redonnez de l&rsquo;attrait \u00e0 votre trottoir gr\u00e2ce \u00e0 un nettoyage professionnel. <\/p>\n<br><\/p>\n                <div class=\"olympus-services-btn-group\">\n                                      <div class=\"wp-block-button\">\n                      <a href=\"https:\/\/batemanpowerwash.com\/fr\/services-de-lavage-a-haute-pression-residentiels\/lavage-de-lallee\/\" class=\"wp-block-button__link wp-element-button\" style=\"background:#000000;color:#ffffff;border-color:#000000;\">R\u00e9server maintenant<\/a>\n                    <\/div>\n                                    <a href=\"https:\/\/batemanpowerwash.com\/fr\/services\/lavage-de-lallee\/\" class=\"learn-more-link\" style=\"color:var(--wp--preset--color--base);\">Lire plus<\/a>\n                <\/div>\n              <\/div>\n            <\/div>\n                  \n      <\/div>\n<\/div>\n<div style=\"height:50px\" aria-hidden=\"true\" class=\"wp-block-spacer\"><\/div>\n\n<h2 class=\"wp-block-heading\">Services de lavage \u00e0 haute pression r\u00e9sidentiels : Transformez l&rsquo;ext\u00e9rieur de votre maison<\/h2>\n\n<p>Votre maison m\u00e9rite les meilleurs soins, et nos <strong>services<\/strong> professionnels <strong>de lavage \u00e0 haute pression r\u00e9sidentiel<\/strong> offrent un nettoyage en profondeur qui permet \u00e0 votre propri\u00e9t\u00e9 de rester belle et bien entretenue. Chez Bateman Power Wash, nous nous sp\u00e9cialisons dans les solutions de nettoyage douces mais efficaces qui redonnent \u00e0 votre maison son attrait tout en prot\u00e9geant votre pr\u00e9cieux investissement. <\/p>\n\n<div style=\"height:50px\" aria-hidden=\"true\" class=\"wp-block-spacer\"><\/div>\n\n<h3 class=\"wp-block-heading\" id=\"h-why-choose-professional-residential-power-washing-services\">Pourquoi choisir des services professionnels de lavage \u00e0 haute pression r\u00e9sidentiel ?<\/h3>\n\n<p>\u00catre propri\u00e9taire d&rsquo;une maison implique de nombreuses responsabilit\u00e9s, et l&rsquo;entretien de l&rsquo;ext\u00e9rieur de votre propri\u00e9t\u00e9 peut s&rsquo;av\u00e9rer difficile sans l&rsquo;\u00e9quipement et l&rsquo;expertise appropri\u00e9s. Nos <strong>services de lavage \u00e0 haute pression r\u00e9sidentiels<\/strong> \u00e9liminent les conjectures et les exigences physiques du nettoyage \u00e0 la main, tout en offrant des r\u00e9sultats sup\u00e9rieurs qui durent plus longtemps que les m\u00e9thodes de nettoyage traditionnelles. <\/p>\n\n<p>Un nettoyage professionnel \u00e0 l&rsquo;eau chaude am\u00e9liore non seulement l&rsquo;apparence de votre maison, mais pr\u00e9vient \u00e9galement les dommages co\u00fbteux caus\u00e9s par les moisissures, les algues et les d\u00e9bris accumul\u00e9s. Un nettoyage r\u00e9gulier prot\u00e8ge votre bardage, votre toit et vos surfaces ext\u00e9rieures d&rsquo;une d\u00e9t\u00e9rioration pr\u00e9matur\u00e9e, ce qui contribue \u00e0 maintenir la valeur de votre maison et \u00e0 \u00e9conomiser de l&rsquo;argent sur les r\u00e9parations ou les remplacements co\u00fbteux. <\/p>\n\n<div style=\"height:50px\" aria-hidden=\"true\" class=\"wp-block-spacer\"><\/div>\n\n<h3 class=\"wp-block-heading\">Prot\u00e9ger votre investissement<\/h3>\n\n<p>Votre maison est probablement votre investissement le plus important, et un entretien ad\u00e9quat est essentiel pour pr\u00e9server sa valeur. Nos <strong>services de lavage \u00e0 haute pression r\u00e9sidentiels<\/strong> offrent des avantages de protection qui vont au-del\u00e0 de l&rsquo;esth\u00e9tique. Un nettoyage r\u00e9gulier pr\u00e9vient les dommages caus\u00e9s par les substances corrosives, la croissance organique et les polluants environnementaux qui peuvent endommager de fa\u00e7on permanente l&rsquo;ext\u00e9rieur de votre maison.  <\/p>\n\n<p>En \u00e9liminant ces substances nocives avant qu&rsquo;elles ne causent des dommages durables, le lavage professionnel permet d&rsquo;\u00e9conomiser de l&rsquo;argent au fil du temps en r\u00e9duisant le besoin de r\u00e9parations co\u00fbteuses, le remplacement pr\u00e9matur\u00e9 du bardage ou de la toiture et les probl\u00e8mes d&rsquo;entretien d&rsquo;urgence.<\/p>\n\n<div style=\"height:50px\" aria-hidden=\"true\" class=\"wp-block-spacer\"><\/div>\n\n<h2 class=\"wp-block-heading\">Pr\u00eat \u00e0 transformer votre maison ?<\/h2>\n\n<p>Faites l&rsquo;exp\u00e9rience de la diff\u00e9rence spectaculaire qu&rsquo;un nettoyage professionnel apporte \u00e0 l&rsquo;apparence et \u00e0 la valeur de votre maison. Nos <strong>services de lavage sous pression r\u00e9sidentiels<\/strong> donnent des r\u00e9sultats qui d\u00e9passent les attentes tout en offrant la commodit\u00e9 et la tranquillit\u00e9 d&rsquo;esprit que procure un service professionnel. <\/p>\n\n<div style=\"height:50px\" aria-hidden=\"true\" class=\"wp-block-spacer\"><\/div>\n\n<p><\/p>\n","protected":false},"excerpt":{"rendered":"<p>Services de lavage \u00e0 haute pression r\u00e9sidentiels : Transformez l&rsquo;ext\u00e9rieur de votre maison Votre maison m\u00e9rite les meilleurs soins, et nos services professionnels de lavage \u00e0 haute pression r\u00e9sidentiel offrent un nettoyage en profondeur qui permet \u00e0 votre propri\u00e9t\u00e9 de rester belle et bien entretenue. Chez Bateman Power Wash, nous nous sp\u00e9cialisons dans les solutions [&hellip;]<\/p>\n","protected":false},"author":1,"featured_media":13996,"parent":0,"menu_order":0,"comment_status":"closed","ping_status":"closed","template":"","meta":{"_acf_changed":false,"footnotes":""},"class_list":["post-15098","page","type-page","status-publish","has-post-thumbnail","hentry"],"acf":[],"yoast_head":"<!-- This site is optimized with the Yoast SEO Premium plugin v27.4 (Yoast SEO v27.4) - https:\/\/yoast.com\/product\/yoast-seo-premium-wordpress\/ -->\n<title>Services de lavage \u00e0 haute pression r\u00e9sidentiels | Bateman Power Wash<\/title>\n<meta name=\"description\" content=\"D\u00e9couvrez nos services r\u00e9sidentiels de lavage \u00e0 haute pression pour garder l&#039;ext\u00e9rieur de votre maison, votre all\u00e9e et vos espaces ext\u00e9rieurs propres et bien entretenus.\" \/>\n<meta name=\"robots\" content=\"index, follow, max-snippet:-1, max-image-preview:large, max-video-preview:-1\" \/>\n<link rel=\"canonical\" href=\"https:\/\/batemanpowerwash.com\/fr\/services-de-lavage-a-haute-pression-residentiels\/\" \/>\n<meta property=\"og:locale\" content=\"fr_CA\" \/>\n<meta property=\"og:type\" content=\"article\" \/>\n<meta property=\"og:title\" content=\"Services de lavage \u00e0 haute pression r\u00e9sidentiels\" \/>\n<meta property=\"og:description\" content=\"D\u00e9couvrez nos services r\u00e9sidentiels de lavage \u00e0 haute pression pour garder l&#039;ext\u00e9rieur de votre maison, votre all\u00e9e et vos espaces ext\u00e9rieurs propres et bien entretenus.\" \/>\n<meta property=\"og:url\" content=\"https:\/\/batemanpowerwash.com\/fr\/services-de-lavage-a-haute-pression-residentiels\/\" \/>\n<meta property=\"og:site_name\" content=\"BATEMAN POWER WASH INC.\" \/>\n<meta property=\"article:modified_time\" content=\"2026-04-17T04:04:30+00:00\" \/>\n<meta property=\"og:image\" content=\"https:\/\/batemanpowerwash.com\/wp-content\/uploads\/2025\/03\/IMG_5170.jpg\" \/>\n\t<meta property=\"og:image:width\" content=\"1280\" \/>\n\t<meta property=\"og:image:height\" content=\"1280\" \/>\n\t<meta property=\"og:image:type\" content=\"image\/jpeg\" \/>\n<meta name=\"twitter:card\" content=\"summary_large_image\" \/>\n<meta name=\"twitter:label1\" content=\"Estimation du temps de lecture\" \/>\n\t<meta name=\"twitter:data1\" content=\"2 minutes\" \/>\n<script type=\"application\/ld+json\" class=\"yoast-schema-graph\">{\"@context\":\"https:\\\/\\\/schema.org\",\"@graph\":[{\"@type\":\"WebPage\",\"@id\":\"https:\\\/\\\/batemanpowerwash.com\\\/fr\\\/services-de-lavage-a-haute-pression-residentiels\\\/\",\"url\":\"https:\\\/\\\/batemanpowerwash.com\\\/fr\\\/services-de-lavage-a-haute-pression-residentiels\\\/\",\"name\":\"Services de lavage \u00e0 haute pression r\u00e9sidentiels | Bateman Power Wash\",\"isPartOf\":{\"@id\":\"https:\\\/\\\/batemanpowerwash.com\\\/fr\\\/#website\"},\"primaryImageOfPage\":{\"@id\":\"https:\\\/\\\/batemanpowerwash.com\\\/fr\\\/services-de-lavage-a-haute-pression-residentiels\\\/#primaryimage\"},\"image\":{\"@id\":\"https:\\\/\\\/batemanpowerwash.com\\\/fr\\\/services-de-lavage-a-haute-pression-residentiels\\\/#primaryimage\"},\"thumbnailUrl\":\"https:\\\/\\\/batemanpowerwash.com\\\/wp-content\\\/uploads\\\/2025\\\/03\\\/IMG_5170.jpg\",\"datePublished\":\"2025-03-24T18:58:02+00:00\",\"dateModified\":\"2026-04-17T04:04:30+00:00\",\"description\":\"D\u00e9couvrez nos services r\u00e9sidentiels de lavage \u00e0 haute pression pour garder l'ext\u00e9rieur de votre maison, votre all\u00e9e et vos espaces ext\u00e9rieurs propres et bien entretenus.\",\"breadcrumb\":{\"@id\":\"https:\\\/\\\/batemanpowerwash.com\\\/fr\\\/services-de-lavage-a-haute-pression-residentiels\\\/#breadcrumb\"},\"inLanguage\":\"fr-CA\",\"potentialAction\":[{\"@type\":\"ReadAction\",\"target\":[\"https:\\\/\\\/batemanpowerwash.com\\\/fr\\\/services-de-lavage-a-haute-pression-residentiels\\\/\"]}]},{\"@type\":\"ImageObject\",\"inLanguage\":\"fr-CA\",\"@id\":\"https:\\\/\\\/batemanpowerwash.com\\\/fr\\\/services-de-lavage-a-haute-pression-residentiels\\\/#primaryimage\",\"url\":\"https:\\\/\\\/batemanpowerwash.com\\\/wp-content\\\/uploads\\\/2025\\\/03\\\/IMG_5170.jpg\",\"contentUrl\":\"https:\\\/\\\/batemanpowerwash.com\\\/wp-content\\\/uploads\\\/2025\\\/03\\\/IMG_5170.jpg\",\"width\":1280,\"height\":1280},{\"@type\":\"BreadcrumbList\",\"@id\":\"https:\\\/\\\/batemanpowerwash.com\\\/fr\\\/services-de-lavage-a-haute-pression-residentiels\\\/#breadcrumb\",\"itemListElement\":[{\"@type\":\"ListItem\",\"position\":1,\"name\":\"Home\",\"item\":\"https:\\\/\\\/batemanpowerwash.com\\\/fr\\\/\"},{\"@type\":\"ListItem\",\"position\":2,\"name\":\"Services de lavage \u00e0 haute pression r\u00e9sidentiels\"}]},{\"@type\":\"WebSite\",\"@id\":\"https:\\\/\\\/batemanpowerwash.com\\\/fr\\\/#website\",\"url\":\"https:\\\/\\\/batemanpowerwash.com\\\/fr\\\/\",\"name\":\"Bateman Power Washing\",\"description\":\"\",\"publisher\":{\"@id\":\"https:\\\/\\\/batemanpowerwash.com\\\/fr\\\/#organization\"},\"potentialAction\":[{\"@type\":\"SearchAction\",\"target\":{\"@type\":\"EntryPoint\",\"urlTemplate\":\"https:\\\/\\\/batemanpowerwash.com\\\/fr\\\/?s={search_term_string}\"},\"query-input\":{\"@type\":\"PropertyValueSpecification\",\"valueRequired\":true,\"valueName\":\"search_term_string\"}}],\"inLanguage\":\"fr-CA\"},{\"@type\":\"Organization\",\"@id\":\"https:\\\/\\\/batemanpowerwash.com\\\/fr\\\/#organization\",\"name\":\"Bateman Power Washing\",\"url\":\"https:\\\/\\\/batemanpowerwash.com\\\/fr\\\/\",\"logo\":{\"@type\":\"ImageObject\",\"inLanguage\":\"fr-CA\",\"@id\":\"https:\\\/\\\/batemanpowerwash.com\\\/fr\\\/#\\\/schema\\\/logo\\\/image\\\/\",\"url\":\"https:\\\/\\\/batemanpowerwash.com\\\/wp-content\\\/uploads\\\/2025\\\/04\\\/1-1.png\",\"contentUrl\":\"https:\\\/\\\/batemanpowerwash.com\\\/wp-content\\\/uploads\\\/2025\\\/04\\\/1-1.png\",\"width\":1563,\"height\":627,\"caption\":\"Bateman Power Washing\"},\"image\":{\"@id\":\"https:\\\/\\\/batemanpowerwash.com\\\/fr\\\/#\\\/schema\\\/logo\\\/image\\\/\"}}]}<\/script>\n<!-- \/ Yoast SEO Premium plugin. -->","yoast_head_json":{"title":"Services de lavage \u00e0 haute pression r\u00e9sidentiels | Bateman Power Wash","description":"D\u00e9couvrez nos services r\u00e9sidentiels de lavage \u00e0 haute pression pour garder l'ext\u00e9rieur de votre maison, votre all\u00e9e et vos espaces ext\u00e9rieurs propres et bien entretenus.","robots":{"index":"index","follow":"follow","max-snippet":"max-snippet:-1","max-image-preview":"max-image-preview:large","max-video-preview":"max-video-preview:-1"},"canonical":"https:\/\/batemanpowerwash.com\/fr\/services-de-lavage-a-haute-pression-residentiels\/","og_locale":"fr_CA","og_type":"article","og_title":"Services de lavage \u00e0 haute pression r\u00e9sidentiels","og_description":"D\u00e9couvrez nos services r\u00e9sidentiels de lavage \u00e0 haute pression pour garder l'ext\u00e9rieur de votre maison, votre all\u00e9e et vos espaces ext\u00e9rieurs propres et bien entretenus.","og_url":"https:\/\/batemanpowerwash.com\/fr\/services-de-lavage-a-haute-pression-residentiels\/","og_site_name":"BATEMAN POWER WASH INC.","article_modified_time":"2026-04-17T04:04:30+00:00","og_image":[{"width":1280,"height":1280,"url":"https:\/\/batemanpowerwash.com\/wp-content\/uploads\/2025\/03\/IMG_5170.jpg","type":"image\/jpeg"}],"twitter_card":"summary_large_image","twitter_misc":{"Estimation du temps de lecture":"2 minutes"},"schema":{"@context":"https:\/\/schema.org","@graph":[{"@type":"WebPage","@id":"https:\/\/batemanpowerwash.com\/fr\/services-de-lavage-a-haute-pression-residentiels\/","url":"https:\/\/batemanpowerwash.com\/fr\/services-de-lavage-a-haute-pression-residentiels\/","name":"Services de lavage \u00e0 haute pression r\u00e9sidentiels | Bateman Power Wash","isPartOf":{"@id":"https:\/\/batemanpowerwash.com\/fr\/#website"},"primaryImageOfPage":{"@id":"https:\/\/batemanpowerwash.com\/fr\/services-de-lavage-a-haute-pression-residentiels\/#primaryimage"},"image":{"@id":"https:\/\/batemanpowerwash.com\/fr\/services-de-lavage-a-haute-pression-residentiels\/#primaryimage"},"thumbnailUrl":"https:\/\/batemanpowerwash.com\/wp-content\/uploads\/2025\/03\/IMG_5170.jpg","datePublished":"2025-03-24T18:58:02+00:00","dateModified":"2026-04-17T04:04:30+00:00","description":"D\u00e9couvrez nos services r\u00e9sidentiels de lavage \u00e0 haute pression pour garder l'ext\u00e9rieur de votre maison, votre all\u00e9e et vos espaces ext\u00e9rieurs propres et bien entretenus.","breadcrumb":{"@id":"https:\/\/batemanpowerwash.com\/fr\/services-de-lavage-a-haute-pression-residentiels\/#breadcrumb"},"inLanguage":"fr-CA","potentialAction":[{"@type":"ReadAction","target":["https:\/\/batemanpowerwash.com\/fr\/services-de-lavage-a-haute-pression-residentiels\/"]}]},{"@type":"ImageObject","inLanguage":"fr-CA","@id":"https:\/\/batemanpowerwash.com\/fr\/services-de-lavage-a-haute-pression-residentiels\/#primaryimage","url":"https:\/\/batemanpowerwash.com\/wp-content\/uploads\/2025\/03\/IMG_5170.jpg","contentUrl":"https:\/\/batemanpowerwash.com\/wp-content\/uploads\/2025\/03\/IMG_5170.jpg","width":1280,"height":1280},{"@type":"BreadcrumbList","@id":"https:\/\/batemanpowerwash.com\/fr\/services-de-lavage-a-haute-pression-residentiels\/#breadcrumb","itemListElement":[{"@type":"ListItem","position":1,"name":"Home","item":"https:\/\/batemanpowerwash.com\/fr\/"},{"@type":"ListItem","position":2,"name":"Services de lavage \u00e0 haute pression r\u00e9sidentiels"}]},{"@type":"WebSite","@id":"https:\/\/batemanpowerwash.com\/fr\/#website","url":"https:\/\/batemanpowerwash.com\/fr\/","name":"Bateman Power Washing","description":"","publisher":{"@id":"https:\/\/batemanpowerwash.com\/fr\/#organization"},"potentialAction":[{"@type":"SearchAction","target":{"@type":"EntryPoint","urlTemplate":"https:\/\/batemanpowerwash.com\/fr\/?s={search_term_string}"},"query-input":{"@type":"PropertyValueSpecification","valueRequired":true,"valueName":"search_term_string"}}],"inLanguage":"fr-CA"},{"@type":"Organization","@id":"https:\/\/batemanpowerwash.com\/fr\/#organization","name":"Bateman Power Washing","url":"https:\/\/batemanpowerwash.com\/fr\/","logo":{"@type":"ImageObject","inLanguage":"fr-CA","@id":"https:\/\/batemanpowerwash.com\/fr\/#\/schema\/logo\/image\/","url":"https:\/\/batemanpowerwash.com\/wp-content\/uploads\/2025\/04\/1-1.png","contentUrl":"https:\/\/batemanpowerwash.com\/wp-content\/uploads\/2025\/04\/1-1.png","width":1563,"height":627,"caption":"Bateman Power Washing"},"image":{"@id":"https:\/\/batemanpowerwash.com\/fr\/#\/schema\/logo\/image\/"}}]}},"_links":{"self":[{"href":"https:\/\/batemanpowerwash.com\/fr\/wp-json\/wp\/v2\/pages\/15098","targetHints":{"allow":["GET"]}}],"collection":[{"href":"https:\/\/batemanpowerwash.com\/fr\/wp-json\/wp\/v2\/pages"}],"about":[{"href":"https:\/\/batemanpowerwash.com\/fr\/wp-json\/wp\/v2\/types\/page"}],"author":[{"embeddable":true,"href":"https:\/\/batemanpowerwash.com\/fr\/wp-json\/wp\/v2\/users\/1"}],"replies":[{"embeddable":true,"href":"https:\/\/batemanpowerwash.com\/fr\/wp-json\/wp\/v2\/comments?post=15098"}],"version-history":[{"count":1,"href":"https:\/\/batemanpowerwash.com\/fr\/wp-json\/wp\/v2\/pages\/15098\/revisions"}],"predecessor-version":[{"id":15102,"href":"https:\/\/batemanpowerwash.com\/fr\/wp-json\/wp\/v2\/pages\/15098\/revisions\/15102"}],"wp:featuredmedia":[{"embeddable":true,"href":"https:\/\/batemanpowerwash.com\/fr\/wp-json\/wp\/v2\/media\/13996"}],"wp:attachment":[{"href":"https:\/\/batemanpowerwash.com\/fr\/wp-json\/wp\/v2\/media?parent=15098"}],"curies":[{"name":"wp","href":"https:\/\/api.w.org\/{rel}","templated":true}]}}