{"id":15099,"date":"2025-03-24T18:58:03","date_gmt":"2025-03-24T18:58:03","guid":{"rendered":"https:\/\/batemanpowerwash.com\/lavage-de-lallee\/"},"modified":"2026-04-17T04:36:20","modified_gmt":"2026-04-17T04:36:20","slug":"lavage-de-lallee","status":"publish","type":"page","link":"https:\/\/batemanpowerwash.com\/fr\/services-de-lavage-a-haute-pression-residentiels\/lavage-de-lallee\/","title":{"rendered":"Lavage d&rsquo;entr\u00e9e de garage"},"content":{"rendered":"\r\n<div class=\"wp-block-cover alignfull orphic-motion-animation has-contrast-color has-text-color has-link-color wp-elements-b366912c38e6eda28199f470732b964e\" style=\"margin-top:0;margin-bottom:0;padding-top:var(--wp--preset--spacing--70);padding-bottom:var(--wp--preset--spacing--70);min-height:397px;aspect-ratio:unset;\" data-animation-type=\"fadeIn\" data-animation-distance=\"50\" data-animation-duration=\"300\" data-animation-delay=\"0\" data-animation-trigger=\"10\" data-scroll-behavior=\"playOnView\"><span aria-hidden=\"true\" class=\"wp-block-cover__background has-background-dim-100 has-background-dim has-background-gradient\" style=\"background:linear-gradient(180deg,rgb(255,255,255) 0%,rgba(255,255,255,0.4) 100%)\"><\/span>\r\n  <img loading=\"lazy\" decoding=\"async\" width=\"800\" height=\"533\" src=\"https:\/\/batemanpowerwash.com\/wp-content\/uploads\/2025\/04\/worker-cleaning-concrete-driveway-pressure-washer-generative-ai-worker-cleaning-concrete-driveway-pressure-352791269.jpg.webp\" class=\"wp-block-cover__image-background wp-post-image\" alt=\"\" data-object-fit=\"cover\" srcset=\"https:\/\/batemanpowerwash.com\/wp-content\/uploads\/2025\/04\/worker-cleaning-concrete-driveway-pressure-washer-generative-ai-worker-cleaning-concrete-driveway-pressure-352791269.jpg.webp 800w, https:\/\/batemanpowerwash.com\/wp-content\/uploads\/2025\/04\/worker-cleaning-concrete-driveway-pressure-washer-generative-ai-worker-cleaning-concrete-driveway-pressure-352791269.jpg-300x200.webp 300w, https:\/\/batemanpowerwash.com\/wp-content\/uploads\/2025\/04\/worker-cleaning-concrete-driveway-pressure-washer-generative-ai-worker-cleaning-concrete-driveway-pressure-352791269.jpg-768x512.webp 768w\" sizes=\"auto, (max-width: 800px) 100vw, 800px\" \/><div class=\"wp-block-cover__inner-container has-global-padding is-layout-constrained wp-container-core-cover-is-layout-c31b0537 wp-block-cover-is-layout-constrained\">\r\n\r\n    <h1 class=\"has-text-align-center wp-block-post-title\">Lavage d&rsquo;entr\u00e9e de garage<\/h1>\r\n  <\/div>\r\n<\/div>\r\n\r\n<div id=\"miocommerce-integration\"><\/div>\r\n<script>\r\n    (function(p,l,a,t,f,o,r) {\r\n        p['miocommerce-integration']=f;p[f]= function() {(p[f].q=p[f].q||[]).push(arguments)},p[f].l=1*new Date();\r\n        o=l.createElement(a),r=l.getElementsByTagName(a)[0];o.async=1;o.src=t+'?t='+1*new Date();r.parentNode.insertBefore(o,r)\r\n    })(window,document,'script','\/\/int.miocommerce.com\/int\/platform.boot.min.js','miocommerce');\r\n    miocommerce('miocommerce','f7916dec-ef12-4252-84a2-9776b87f7734','booking','bateman-power-wash-inc-eng','en','4061b0f2-f8ce-4ce2-82e1-a211716bc71c');\r\n<\/script>\r\n","protected":false},"excerpt":{"rendered":"","protected":false},"author":1,"featured_media":13854,"parent":15098,"menu_order":0,"comment_status":"closed","ping_status":"closed","template":"","meta":{"_acf_changed":false,"footnotes":""},"class_list":["post-15099","page","type-page","status-publish","has-post-thumbnail","hentry"],"acf":[],"yoast_head":"<!-- This site is optimized with the Yoast SEO Premium plugin v27.4 (Yoast SEO v27.4) - https:\/\/yoast.com\/product\/yoast-seo-premium-wordpress\/ -->\n<title>Services de lavage d&#039;all\u00e9es : Ce que vous devez savoir<\/title>\n<meta name=\"description\" content=\"Apprenez l&#039;importance du lavage d&#039;entr\u00e9e de garage. D\u00e9couvrez comment il \u00e9limine les taches et prolonge la dur\u00e9e de vie de votre all\u00e9e.\" \/>\n<meta name=\"robots\" content=\"noindex, follow\" \/>\n<meta property=\"og:locale\" content=\"fr_CA\" \/>\n<meta property=\"og:type\" content=\"article\" \/>\n<meta property=\"og:title\" content=\"Avantages du lavage des all\u00e9es que vous devriez conna\u00eetre\" \/>\n<meta property=\"og:description\" content=\"Faites une bonne premi\u00e8re impression avec le lavage des all\u00e9es. D\u00e9couvrez pourquoi une all\u00e9e propre est importante pour votre maison.\" \/>\n<meta property=\"og:url\" content=\"https:\/\/batemanpowerwash.com\/fr\/services-de-lavage-a-haute-pression-residentiels\/lavage-de-lallee\/\" \/>\n<meta property=\"og:site_name\" content=\"BATEMAN POWER WASH INC.\" \/>\n<meta property=\"article:modified_time\" content=\"2026-04-17T04:36:20+00:00\" \/>\n<meta property=\"og:image\" content=\"https:\/\/batemanpowerwash.com\/wp-content\/uploads\/2025\/04\/worker-cleaning-concrete-driveway-pressure-washer-generative-ai-worker-cleaning-concrete-driveway-pressure-352791269.jpg.webp\" \/>\n\t<meta property=\"og:image:width\" content=\"800\" \/>\n\t<meta property=\"og:image:height\" content=\"533\" \/>\n\t<meta property=\"og:image:type\" content=\"image\/webp\" \/>\n<meta name=\"twitter:card\" content=\"summary_large_image\" \/>\n<meta name=\"twitter:title\" content=\"Lavage d&#039;entr\u00e9e de garage\" \/>\n<meta name=\"twitter:label1\" content=\"Estimation du temps de lecture\" \/>\n\t<meta name=\"twitter:data1\" content=\"1 minute\" \/>\n<script type=\"application\/ld+json\" class=\"yoast-schema-graph\">{\"@context\":\"https:\\\/\\\/schema.org\",\"@graph\":[{\"@type\":\"WebPage\",\"@id\":\"https:\\\/\\\/batemanpowerwash.com\\\/fr\\\/services-de-lavage-a-haute-pression-residentiels\\\/lavage-de-lallee\\\/\",\"url\":\"https:\\\/\\\/batemanpowerwash.com\\\/fr\\\/services-de-lavage-a-haute-pression-residentiels\\\/lavage-de-lallee\\\/\",\"name\":\"Services de lavage d'all\u00e9es : Ce que vous devez savoir\",\"isPartOf\":{\"@id\":\"https:\\\/\\\/batemanpowerwash.com\\\/fr\\\/#website\"},\"primaryImageOfPage\":{\"@id\":\"https:\\\/\\\/batemanpowerwash.com\\\/fr\\\/services-de-lavage-a-haute-pression-residentiels\\\/lavage-de-lallee\\\/#primaryimage\"},\"image\":{\"@id\":\"https:\\\/\\\/batemanpowerwash.com\\\/fr\\\/services-de-lavage-a-haute-pression-residentiels\\\/lavage-de-lallee\\\/#primaryimage\"},\"thumbnailUrl\":\"https:\\\/\\\/batemanpowerwash.com\\\/wp-content\\\/uploads\\\/2025\\\/04\\\/worker-cleaning-concrete-driveway-pressure-washer-generative-ai-worker-cleaning-concrete-driveway-pressure-352791269.jpg.webp\",\"datePublished\":\"2025-03-24T18:58:03+00:00\",\"dateModified\":\"2026-04-17T04:36:20+00:00\",\"description\":\"Apprenez l'importance du lavage d'entr\u00e9e de garage. D\u00e9couvrez comment il \u00e9limine les taches et prolonge la dur\u00e9e de vie de votre all\u00e9e.\",\"breadcrumb\":{\"@id\":\"https:\\\/\\\/batemanpowerwash.com\\\/fr\\\/services-de-lavage-a-haute-pression-residentiels\\\/lavage-de-lallee\\\/#breadcrumb\"},\"inLanguage\":\"fr-CA\",\"potentialAction\":[{\"@type\":\"ReadAction\",\"target\":[\"https:\\\/\\\/batemanpowerwash.com\\\/fr\\\/services-de-lavage-a-haute-pression-residentiels\\\/lavage-de-lallee\\\/\"]}]},{\"@type\":\"ImageObject\",\"inLanguage\":\"fr-CA\",\"@id\":\"https:\\\/\\\/batemanpowerwash.com\\\/fr\\\/services-de-lavage-a-haute-pression-residentiels\\\/lavage-de-lallee\\\/#primaryimage\",\"url\":\"https:\\\/\\\/batemanpowerwash.com\\\/wp-content\\\/uploads\\\/2025\\\/04\\\/worker-cleaning-concrete-driveway-pressure-washer-generative-ai-worker-cleaning-concrete-driveway-pressure-352791269.jpg.webp\",\"contentUrl\":\"https:\\\/\\\/batemanpowerwash.com\\\/wp-content\\\/uploads\\\/2025\\\/04\\\/worker-cleaning-concrete-driveway-pressure-washer-generative-ai-worker-cleaning-concrete-driveway-pressure-352791269.jpg.webp\",\"width\":800,\"height\":533},{\"@type\":\"BreadcrumbList\",\"@id\":\"https:\\\/\\\/batemanpowerwash.com\\\/fr\\\/services-de-lavage-a-haute-pression-residentiels\\\/lavage-de-lallee\\\/#breadcrumb\",\"itemListElement\":[{\"@type\":\"ListItem\",\"position\":1,\"name\":\"Home\",\"item\":\"https:\\\/\\\/batemanpowerwash.com\\\/fr\\\/\"},{\"@type\":\"ListItem\",\"position\":2,\"name\":\"Services de lavage \u00e0 haute pression r\u00e9sidentiels\",\"item\":\"https:\\\/\\\/batemanpowerwash.com\\\/fr\\\/services-de-lavage-a-haute-pression-residentiels\\\/\"},{\"@type\":\"ListItem\",\"position\":3,\"name\":\"Lavage d&#8217;entr\u00e9e de garage\"}]},{\"@type\":\"WebSite\",\"@id\":\"https:\\\/\\\/batemanpowerwash.com\\\/fr\\\/#website\",\"url\":\"https:\\\/\\\/batemanpowerwash.com\\\/fr\\\/\",\"name\":\"Bateman Power Washing\",\"description\":\"\",\"publisher\":{\"@id\":\"https:\\\/\\\/batemanpowerwash.com\\\/fr\\\/#organization\"},\"potentialAction\":[{\"@type\":\"SearchAction\",\"target\":{\"@type\":\"EntryPoint\",\"urlTemplate\":\"https:\\\/\\\/batemanpowerwash.com\\\/fr\\\/?s={search_term_string}\"},\"query-input\":{\"@type\":\"PropertyValueSpecification\",\"valueRequired\":true,\"valueName\":\"search_term_string\"}}],\"inLanguage\":\"fr-CA\"},{\"@type\":\"Organization\",\"@id\":\"https:\\\/\\\/batemanpowerwash.com\\\/fr\\\/#organization\",\"name\":\"Bateman Power Washing\",\"url\":\"https:\\\/\\\/batemanpowerwash.com\\\/fr\\\/\",\"logo\":{\"@type\":\"ImageObject\",\"inLanguage\":\"fr-CA\",\"@id\":\"https:\\\/\\\/batemanpowerwash.com\\\/fr\\\/#\\\/schema\\\/logo\\\/image\\\/\",\"url\":\"https:\\\/\\\/batemanpowerwash.com\\\/wp-content\\\/uploads\\\/2025\\\/04\\\/1-1.png\",\"contentUrl\":\"https:\\\/\\\/batemanpowerwash.com\\\/wp-content\\\/uploads\\\/2025\\\/04\\\/1-1.png\",\"width\":1563,\"height\":627,\"caption\":\"Bateman Power Washing\"},\"image\":{\"@id\":\"https:\\\/\\\/batemanpowerwash.com\\\/fr\\\/#\\\/schema\\\/logo\\\/image\\\/\"}}]}<\/script>\n<!-- \/ Yoast SEO Premium plugin. -->","yoast_head_json":{"title":"Services de lavage d'all\u00e9es : Ce que vous devez savoir","description":"Apprenez l'importance du lavage d'entr\u00e9e de garage. D\u00e9couvrez comment il \u00e9limine les taches et prolonge la dur\u00e9e de vie de votre all\u00e9e.","robots":{"index":"noindex","follow":"follow"},"og_locale":"fr_CA","og_type":"article","og_title":"Avantages du lavage des all\u00e9es que vous devriez conna\u00eetre","og_description":"Faites une bonne premi\u00e8re impression avec le lavage des all\u00e9es. D\u00e9couvrez pourquoi une all\u00e9e propre est importante pour votre maison.","og_url":"https:\/\/batemanpowerwash.com\/fr\/services-de-lavage-a-haute-pression-residentiels\/lavage-de-lallee\/","og_site_name":"BATEMAN POWER WASH INC.","article_modified_time":"2026-04-17T04:36:20+00:00","og_image":[{"width":800,"height":533,"url":"https:\/\/batemanpowerwash.com\/wp-content\/uploads\/2025\/04\/worker-cleaning-concrete-driveway-pressure-washer-generative-ai-worker-cleaning-concrete-driveway-pressure-352791269.jpg.webp","type":"image\/webp"}],"twitter_card":"summary_large_image","twitter_title":"Lavage d'entr\u00e9e de garage","twitter_misc":{"Estimation du temps de lecture":"1 minute"},"schema":{"@context":"https:\/\/schema.org","@graph":[{"@type":"WebPage","@id":"https:\/\/batemanpowerwash.com\/fr\/services-de-lavage-a-haute-pression-residentiels\/lavage-de-lallee\/","url":"https:\/\/batemanpowerwash.com\/fr\/services-de-lavage-a-haute-pression-residentiels\/lavage-de-lallee\/","name":"Services de lavage d'all\u00e9es : Ce que vous devez savoir","isPartOf":{"@id":"https:\/\/batemanpowerwash.com\/fr\/#website"},"primaryImageOfPage":{"@id":"https:\/\/batemanpowerwash.com\/fr\/services-de-lavage-a-haute-pression-residentiels\/lavage-de-lallee\/#primaryimage"},"image":{"@id":"https:\/\/batemanpowerwash.com\/fr\/services-de-lavage-a-haute-pression-residentiels\/lavage-de-lallee\/#primaryimage"},"thumbnailUrl":"https:\/\/batemanpowerwash.com\/wp-content\/uploads\/2025\/04\/worker-cleaning-concrete-driveway-pressure-washer-generative-ai-worker-cleaning-concrete-driveway-pressure-352791269.jpg.webp","datePublished":"2025-03-24T18:58:03+00:00","dateModified":"2026-04-17T04:36:20+00:00","description":"Apprenez l'importance du lavage d'entr\u00e9e de garage. D\u00e9couvrez comment il \u00e9limine les taches et prolonge la dur\u00e9e de vie de votre all\u00e9e.","breadcrumb":{"@id":"https:\/\/batemanpowerwash.com\/fr\/services-de-lavage-a-haute-pression-residentiels\/lavage-de-lallee\/#breadcrumb"},"inLanguage":"fr-CA","potentialAction":[{"@type":"ReadAction","target":["https:\/\/batemanpowerwash.com\/fr\/services-de-lavage-a-haute-pression-residentiels\/lavage-de-lallee\/"]}]},{"@type":"ImageObject","inLanguage":"fr-CA","@id":"https:\/\/batemanpowerwash.com\/fr\/services-de-lavage-a-haute-pression-residentiels\/lavage-de-lallee\/#primaryimage","url":"https:\/\/batemanpowerwash.com\/wp-content\/uploads\/2025\/04\/worker-cleaning-concrete-driveway-pressure-washer-generative-ai-worker-cleaning-concrete-driveway-pressure-352791269.jpg.webp","contentUrl":"https:\/\/batemanpowerwash.com\/wp-content\/uploads\/2025\/04\/worker-cleaning-concrete-driveway-pressure-washer-generative-ai-worker-cleaning-concrete-driveway-pressure-352791269.jpg.webp","width":800,"height":533},{"@type":"BreadcrumbList","@id":"https:\/\/batemanpowerwash.com\/fr\/services-de-lavage-a-haute-pression-residentiels\/lavage-de-lallee\/#breadcrumb","itemListElement":[{"@type":"ListItem","position":1,"name":"Home","item":"https:\/\/batemanpowerwash.com\/fr\/"},{"@type":"ListItem","position":2,"name":"Services de lavage \u00e0 haute pression r\u00e9sidentiels","item":"https:\/\/batemanpowerwash.com\/fr\/services-de-lavage-a-haute-pression-residentiels\/"},{"@type":"ListItem","position":3,"name":"Lavage d&#8217;entr\u00e9e de garage"}]},{"@type":"WebSite","@id":"https:\/\/batemanpowerwash.com\/fr\/#website","url":"https:\/\/batemanpowerwash.com\/fr\/","name":"Bateman Power Washing","description":"","publisher":{"@id":"https:\/\/batemanpowerwash.com\/fr\/#organization"},"potentialAction":[{"@type":"SearchAction","target":{"@type":"EntryPoint","urlTemplate":"https:\/\/batemanpowerwash.com\/fr\/?s={search_term_string}"},"query-input":{"@type":"PropertyValueSpecification","valueRequired":true,"valueName":"search_term_string"}}],"inLanguage":"fr-CA"},{"@type":"Organization","@id":"https:\/\/batemanpowerwash.com\/fr\/#organization","name":"Bateman Power Washing","url":"https:\/\/batemanpowerwash.com\/fr\/","logo":{"@type":"ImageObject","inLanguage":"fr-CA","@id":"https:\/\/batemanpowerwash.com\/fr\/#\/schema\/logo\/image\/","url":"https:\/\/batemanpowerwash.com\/wp-content\/uploads\/2025\/04\/1-1.png","contentUrl":"https:\/\/batemanpowerwash.com\/wp-content\/uploads\/2025\/04\/1-1.png","width":1563,"height":627,"caption":"Bateman Power Washing"},"image":{"@id":"https:\/\/batemanpowerwash.com\/fr\/#\/schema\/logo\/image\/"}}]}},"_links":{"self":[{"href":"https:\/\/batemanpowerwash.com\/fr\/wp-json\/wp\/v2\/pages\/15099","targetHints":{"allow":["GET"]}}],"collection":[{"href":"https:\/\/batemanpowerwash.com\/fr\/wp-json\/wp\/v2\/pages"}],"about":[{"href":"https:\/\/batemanpowerwash.com\/fr\/wp-json\/wp\/v2\/types\/page"}],"author":[{"embeddable":true,"href":"https:\/\/batemanpowerwash.com\/fr\/wp-json\/wp\/v2\/users\/1"}],"replies":[{"embeddable":true,"href":"https:\/\/batemanpowerwash.com\/fr\/wp-json\/wp\/v2\/comments?post=15099"}],"version-history":[{"count":3,"href":"https:\/\/batemanpowerwash.com\/fr\/wp-json\/wp\/v2\/pages\/15099\/revisions"}],"predecessor-version":[{"id":15187,"href":"https:\/\/batemanpowerwash.com\/fr\/wp-json\/wp\/v2\/pages\/15099\/revisions\/15187"}],"up":[{"embeddable":true,"href":"https:\/\/batemanpowerwash.com\/fr\/wp-json\/wp\/v2\/pages\/15098"}],"wp:featuredmedia":[{"embeddable":true,"href":"https:\/\/batemanpowerwash.com\/fr\/wp-json\/wp\/v2\/media\/13854"}],"wp:attachment":[{"href":"https:\/\/batemanpowerwash.com\/fr\/wp-json\/wp\/v2\/media?parent=15099"}],"curies":[{"name":"wp","href":"https:\/\/api.w.org\/{rel}","templated":true}]}}