{"id":15117,"date":"2025-03-24T18:58:03","date_gmt":"2025-03-24T18:58:03","guid":{"rendered":"https:\/\/batemanpowerwash.com\/equipements-et-machines-lourds\/"},"modified":"2026-04-17T04:38:40","modified_gmt":"2026-04-17T04:38:40","slug":"equipements-et-machines-lourds","status":"publish","type":"page","link":"https:\/\/batemanpowerwash.com\/fr\/services-commerciaux-de-lavage-a-haute-pression\/equipements-et-machines-lourds\/","title":{"rendered":"\u00c9quipements et machinerie lourde"},"content":{"rendered":"\n<div class=\"wp-block-cover alignfull orphic-motion-animation has-contrast-color has-text-color has-link-color wp-elements-1503c3bdc90c2c6918e035ca664407ec\" style=\"margin-top:0;margin-bottom:0;padding-top:var(--wp--preset--spacing--70);padding-bottom:var(--wp--preset--spacing--70);min-height:397px;aspect-ratio:unset;\" data-animation-type=\"fadeIn\" data-animation-distance=\"50\" data-animation-duration=\"300\" data-animation-delay=\"0\" data-animation-trigger=\"10\" data-scroll-behavior=\"playOnView\"><span aria-hidden=\"true\" class=\"wp-block-cover__background has-background-dim-100 has-background-dim has-background-gradient\" style=\"background:linear-gradient(180deg,rgb(255,255,255) 0%,rgba(255,255,255,0.4) 100%)\"><\/span><img loading=\"lazy\" decoding=\"async\" width=\"905\" height=\"604\" src=\"https:\/\/batemanpowerwash.com\/wp-content\/uploads\/2025\/07\/bulldozer-construction.jpg\" class=\"wp-block-cover__image-background wp-post-image\" alt=\"\" data-object-fit=\"cover\" srcset=\"https:\/\/batemanpowerwash.com\/wp-content\/uploads\/2025\/07\/bulldozer-construction.jpg 905w, https:\/\/batemanpowerwash.com\/wp-content\/uploads\/2025\/07\/bulldozer-construction-300x200.jpg 300w, https:\/\/batemanpowerwash.com\/wp-content\/uploads\/2025\/07\/bulldozer-construction-768x513.jpg 768w\" sizes=\"auto, (max-width: 905px) 100vw, 905px\" \/><div class=\"wp-block-cover__inner-container has-global-padding is-layout-constrained wp-container-core-cover-is-layout-c31b0537 wp-block-cover-is-layout-constrained\">\n\n<h1 class=\"has-text-align-center wp-block-post-title\">\u00c9quipements et machinerie lourde<\/h1><\/div><\/div>\n\n\n\n<div id='miocommerce-integration'><\/div> \n <script> \n (function(p,l,a,t,f,o,r) { p['miocommerce-integration']=f;p[f]= function() {(p[f].q=p[f].q||[]).push(arguments)},p[f].l=1*new Date(); o=l.createElement(a),r=l.getElementsByTagName(a)[0];o.async=1;o.src=t+'?t='+1*new Date();r.parentNode.insertBefore(o,r) })(window,document,'script','\/\/int.miocommerce.com\/int\/platform.boot.min.js','miocommerce'); miocommerce('miocommerce','f7916dec-ef12-4252-84a2-9776b87f7734','booking','bateman-power-wash-inc-fr','fr','fe9a5c01-a58f-4708-ba30-d40b6df11d01'); \n <\/script>\n","protected":false},"excerpt":{"rendered":"","protected":false},"author":1,"featured_media":14369,"parent":15119,"menu_order":0,"comment_status":"closed","ping_status":"closed","template":"","meta":{"_acf_changed":false,"footnotes":""},"class_list":["post-15117","page","type-page","status-publish","has-post-thumbnail","hentry"],"acf":[],"yoast_head":"<!-- This site is optimized with the Yoast SEO Premium plugin v27.4 (Yoast SEO v27.4) - https:\/\/yoast.com\/product\/yoast-seo-premium-wordpress\/ -->\n<title>Conseils aux professionnels pour le lavage d&#039;\u00e9quipements et de machines lourdes<\/title>\n<meta name=\"description\" content=\"D\u00e9couvrez les avantages du lavage des \u00e9quipements et des machines lourdes et son r\u00f4le dans la pr\u00e9vention des dommages aux \u00e9quipements et la garantie de l&#039;efficacit\u00e9.\" \/>\n<meta name=\"robots\" content=\"noindex, follow\" \/>\n<meta property=\"og:locale\" content=\"fr_CA\" \/>\n<meta property=\"og:type\" content=\"article\" \/>\n<meta property=\"og:title\" content=\"Lavage facile des \u00e9quipements et machines lourds\" \/>\n<meta property=\"og:description\" content=\"Apprenez l&#039;importance du lavage des \u00e9quipements lourds et des machines pour maintenir leur performance et prolonger leur dur\u00e9e de vie.\" \/>\n<meta property=\"og:url\" content=\"https:\/\/batemanpowerwash.com\/fr\/services-commerciaux-de-lavage-a-haute-pression\/equipements-et-machines-lourds\/\" \/>\n<meta property=\"og:site_name\" content=\"BATEMAN POWER WASH INC.\" \/>\n<meta property=\"article:modified_time\" content=\"2026-04-17T04:38:40+00:00\" \/>\n<meta property=\"og:image\" content=\"https:\/\/batemanpowerwash.com\/wp-content\/uploads\/2025\/07\/bulldozer-construction.jpg\" \/>\n\t<meta property=\"og:image:width\" content=\"905\" \/>\n\t<meta property=\"og:image:height\" content=\"604\" \/>\n\t<meta property=\"og:image:type\" content=\"image\/jpeg\" \/>\n<meta name=\"twitter:card\" content=\"summary_large_image\" \/>\n<meta name=\"twitter:title\" content=\"\u00c9quipements et machinerie lourde\" \/>\n<meta name=\"twitter:label1\" content=\"Estimation du temps de lecture\" \/>\n\t<meta name=\"twitter:data1\" content=\"1 minute\" \/>\n<script type=\"application\/ld+json\" class=\"yoast-schema-graph\">{\"@context\":\"https:\\\/\\\/schema.org\",\"@graph\":[{\"@type\":\"WebPage\",\"@id\":\"https:\\\/\\\/batemanpowerwash.com\\\/fr\\\/services-commerciaux-de-lavage-a-haute-pression\\\/equipements-et-machines-lourds\\\/\",\"url\":\"https:\\\/\\\/batemanpowerwash.com\\\/fr\\\/services-commerciaux-de-lavage-a-haute-pression\\\/equipements-et-machines-lourds\\\/\",\"name\":\"Conseils aux professionnels pour le lavage d'\u00e9quipements et de machines lourdes\",\"isPartOf\":{\"@id\":\"https:\\\/\\\/batemanpowerwash.com\\\/fr\\\/#website\"},\"primaryImageOfPage\":{\"@id\":\"https:\\\/\\\/batemanpowerwash.com\\\/fr\\\/services-commerciaux-de-lavage-a-haute-pression\\\/equipements-et-machines-lourds\\\/#primaryimage\"},\"image\":{\"@id\":\"https:\\\/\\\/batemanpowerwash.com\\\/fr\\\/services-commerciaux-de-lavage-a-haute-pression\\\/equipements-et-machines-lourds\\\/#primaryimage\"},\"thumbnailUrl\":\"https:\\\/\\\/batemanpowerwash.com\\\/wp-content\\\/uploads\\\/2025\\\/07\\\/bulldozer-construction.jpg\",\"datePublished\":\"2025-03-24T18:58:03+00:00\",\"dateModified\":\"2026-04-17T04:38:40+00:00\",\"description\":\"D\u00e9couvrez les avantages du lavage des \u00e9quipements et des machines lourdes et son r\u00f4le dans la pr\u00e9vention des dommages aux \u00e9quipements et la garantie de l'efficacit\u00e9.\",\"breadcrumb\":{\"@id\":\"https:\\\/\\\/batemanpowerwash.com\\\/fr\\\/services-commerciaux-de-lavage-a-haute-pression\\\/equipements-et-machines-lourds\\\/#breadcrumb\"},\"inLanguage\":\"fr-CA\",\"potentialAction\":[{\"@type\":\"ReadAction\",\"target\":[\"https:\\\/\\\/batemanpowerwash.com\\\/fr\\\/services-commerciaux-de-lavage-a-haute-pression\\\/equipements-et-machines-lourds\\\/\"]}]},{\"@type\":\"ImageObject\",\"inLanguage\":\"fr-CA\",\"@id\":\"https:\\\/\\\/batemanpowerwash.com\\\/fr\\\/services-commerciaux-de-lavage-a-haute-pression\\\/equipements-et-machines-lourds\\\/#primaryimage\",\"url\":\"https:\\\/\\\/batemanpowerwash.com\\\/wp-content\\\/uploads\\\/2025\\\/07\\\/bulldozer-construction.jpg\",\"contentUrl\":\"https:\\\/\\\/batemanpowerwash.com\\\/wp-content\\\/uploads\\\/2025\\\/07\\\/bulldozer-construction.jpg\",\"width\":905,\"height\":604},{\"@type\":\"BreadcrumbList\",\"@id\":\"https:\\\/\\\/batemanpowerwash.com\\\/fr\\\/services-commerciaux-de-lavage-a-haute-pression\\\/equipements-et-machines-lourds\\\/#breadcrumb\",\"itemListElement\":[{\"@type\":\"ListItem\",\"position\":1,\"name\":\"Home\",\"item\":\"https:\\\/\\\/batemanpowerwash.com\\\/fr\\\/\"},{\"@type\":\"ListItem\",\"position\":2,\"name\":\"Services commerciaux de lavage \u00e0 haute pression\",\"item\":\"https:\\\/\\\/batemanpowerwash.com\\\/fr\\\/services-commerciaux-de-lavage-a-haute-pression\\\/\"},{\"@type\":\"ListItem\",\"position\":3,\"name\":\"\u00c9quipements et machinerie lourde\"}]},{\"@type\":\"WebSite\",\"@id\":\"https:\\\/\\\/batemanpowerwash.com\\\/fr\\\/#website\",\"url\":\"https:\\\/\\\/batemanpowerwash.com\\\/fr\\\/\",\"name\":\"Bateman Power Washing\",\"description\":\"\",\"publisher\":{\"@id\":\"https:\\\/\\\/batemanpowerwash.com\\\/fr\\\/#organization\"},\"potentialAction\":[{\"@type\":\"SearchAction\",\"target\":{\"@type\":\"EntryPoint\",\"urlTemplate\":\"https:\\\/\\\/batemanpowerwash.com\\\/fr\\\/?s={search_term_string}\"},\"query-input\":{\"@type\":\"PropertyValueSpecification\",\"valueRequired\":true,\"valueName\":\"search_term_string\"}}],\"inLanguage\":\"fr-CA\"},{\"@type\":\"Organization\",\"@id\":\"https:\\\/\\\/batemanpowerwash.com\\\/fr\\\/#organization\",\"name\":\"Bateman Power Washing\",\"url\":\"https:\\\/\\\/batemanpowerwash.com\\\/fr\\\/\",\"logo\":{\"@type\":\"ImageObject\",\"inLanguage\":\"fr-CA\",\"@id\":\"https:\\\/\\\/batemanpowerwash.com\\\/fr\\\/#\\\/schema\\\/logo\\\/image\\\/\",\"url\":\"https:\\\/\\\/batemanpowerwash.com\\\/wp-content\\\/uploads\\\/2025\\\/04\\\/1-1.png\",\"contentUrl\":\"https:\\\/\\\/batemanpowerwash.com\\\/wp-content\\\/uploads\\\/2025\\\/04\\\/1-1.png\",\"width\":1563,\"height\":627,\"caption\":\"Bateman Power Washing\"},\"image\":{\"@id\":\"https:\\\/\\\/batemanpowerwash.com\\\/fr\\\/#\\\/schema\\\/logo\\\/image\\\/\"}}]}<\/script>\n<!-- \/ Yoast SEO Premium plugin. -->","yoast_head_json":{"title":"Conseils aux professionnels pour le lavage d'\u00e9quipements et de machines lourdes","description":"D\u00e9couvrez les avantages du lavage des \u00e9quipements et des machines lourdes et son r\u00f4le dans la pr\u00e9vention des dommages aux \u00e9quipements et la garantie de l'efficacit\u00e9.","robots":{"index":"noindex","follow":"follow"},"og_locale":"fr_CA","og_type":"article","og_title":"Lavage facile des \u00e9quipements et machines lourds","og_description":"Apprenez l'importance du lavage des \u00e9quipements lourds et des machines pour maintenir leur performance et prolonger leur dur\u00e9e de vie.","og_url":"https:\/\/batemanpowerwash.com\/fr\/services-commerciaux-de-lavage-a-haute-pression\/equipements-et-machines-lourds\/","og_site_name":"BATEMAN POWER WASH INC.","article_modified_time":"2026-04-17T04:38:40+00:00","og_image":[{"width":905,"height":604,"url":"https:\/\/batemanpowerwash.com\/wp-content\/uploads\/2025\/07\/bulldozer-construction.jpg","type":"image\/jpeg"}],"twitter_card":"summary_large_image","twitter_title":"\u00c9quipements et machinerie lourde","twitter_misc":{"Estimation du temps de lecture":"1 minute"},"schema":{"@context":"https:\/\/schema.org","@graph":[{"@type":"WebPage","@id":"https:\/\/batemanpowerwash.com\/fr\/services-commerciaux-de-lavage-a-haute-pression\/equipements-et-machines-lourds\/","url":"https:\/\/batemanpowerwash.com\/fr\/services-commerciaux-de-lavage-a-haute-pression\/equipements-et-machines-lourds\/","name":"Conseils aux professionnels pour le lavage d'\u00e9quipements et de machines lourdes","isPartOf":{"@id":"https:\/\/batemanpowerwash.com\/fr\/#website"},"primaryImageOfPage":{"@id":"https:\/\/batemanpowerwash.com\/fr\/services-commerciaux-de-lavage-a-haute-pression\/equipements-et-machines-lourds\/#primaryimage"},"image":{"@id":"https:\/\/batemanpowerwash.com\/fr\/services-commerciaux-de-lavage-a-haute-pression\/equipements-et-machines-lourds\/#primaryimage"},"thumbnailUrl":"https:\/\/batemanpowerwash.com\/wp-content\/uploads\/2025\/07\/bulldozer-construction.jpg","datePublished":"2025-03-24T18:58:03+00:00","dateModified":"2026-04-17T04:38:40+00:00","description":"D\u00e9couvrez les avantages du lavage des \u00e9quipements et des machines lourdes et son r\u00f4le dans la pr\u00e9vention des dommages aux \u00e9quipements et la garantie de l'efficacit\u00e9.","breadcrumb":{"@id":"https:\/\/batemanpowerwash.com\/fr\/services-commerciaux-de-lavage-a-haute-pression\/equipements-et-machines-lourds\/#breadcrumb"},"inLanguage":"fr-CA","potentialAction":[{"@type":"ReadAction","target":["https:\/\/batemanpowerwash.com\/fr\/services-commerciaux-de-lavage-a-haute-pression\/equipements-et-machines-lourds\/"]}]},{"@type":"ImageObject","inLanguage":"fr-CA","@id":"https:\/\/batemanpowerwash.com\/fr\/services-commerciaux-de-lavage-a-haute-pression\/equipements-et-machines-lourds\/#primaryimage","url":"https:\/\/batemanpowerwash.com\/wp-content\/uploads\/2025\/07\/bulldozer-construction.jpg","contentUrl":"https:\/\/batemanpowerwash.com\/wp-content\/uploads\/2025\/07\/bulldozer-construction.jpg","width":905,"height":604},{"@type":"BreadcrumbList","@id":"https:\/\/batemanpowerwash.com\/fr\/services-commerciaux-de-lavage-a-haute-pression\/equipements-et-machines-lourds\/#breadcrumb","itemListElement":[{"@type":"ListItem","position":1,"name":"Home","item":"https:\/\/batemanpowerwash.com\/fr\/"},{"@type":"ListItem","position":2,"name":"Services commerciaux de lavage \u00e0 haute pression","item":"https:\/\/batemanpowerwash.com\/fr\/services-commerciaux-de-lavage-a-haute-pression\/"},{"@type":"ListItem","position":3,"name":"\u00c9quipements et machinerie lourde"}]},{"@type":"WebSite","@id":"https:\/\/batemanpowerwash.com\/fr\/#website","url":"https:\/\/batemanpowerwash.com\/fr\/","name":"Bateman Power Washing","description":"","publisher":{"@id":"https:\/\/batemanpowerwash.com\/fr\/#organization"},"potentialAction":[{"@type":"SearchAction","target":{"@type":"EntryPoint","urlTemplate":"https:\/\/batemanpowerwash.com\/fr\/?s={search_term_string}"},"query-input":{"@type":"PropertyValueSpecification","valueRequired":true,"valueName":"search_term_string"}}],"inLanguage":"fr-CA"},{"@type":"Organization","@id":"https:\/\/batemanpowerwash.com\/fr\/#organization","name":"Bateman Power Washing","url":"https:\/\/batemanpowerwash.com\/fr\/","logo":{"@type":"ImageObject","inLanguage":"fr-CA","@id":"https:\/\/batemanpowerwash.com\/fr\/#\/schema\/logo\/image\/","url":"https:\/\/batemanpowerwash.com\/wp-content\/uploads\/2025\/04\/1-1.png","contentUrl":"https:\/\/batemanpowerwash.com\/wp-content\/uploads\/2025\/04\/1-1.png","width":1563,"height":627,"caption":"Bateman Power Washing"},"image":{"@id":"https:\/\/batemanpowerwash.com\/fr\/#\/schema\/logo\/image\/"}}]}},"_links":{"self":[{"href":"https:\/\/batemanpowerwash.com\/fr\/wp-json\/wp\/v2\/pages\/15117","targetHints":{"allow":["GET"]}}],"collection":[{"href":"https:\/\/batemanpowerwash.com\/fr\/wp-json\/wp\/v2\/pages"}],"about":[{"href":"https:\/\/batemanpowerwash.com\/fr\/wp-json\/wp\/v2\/types\/page"}],"author":[{"embeddable":true,"href":"https:\/\/batemanpowerwash.com\/fr\/wp-json\/wp\/v2\/users\/1"}],"replies":[{"embeddable":true,"href":"https:\/\/batemanpowerwash.com\/fr\/wp-json\/wp\/v2\/comments?post=15117"}],"version-history":[{"count":2,"href":"https:\/\/batemanpowerwash.com\/fr\/wp-json\/wp\/v2\/pages\/15117\/revisions"}],"predecessor-version":[{"id":15190,"href":"https:\/\/batemanpowerwash.com\/fr\/wp-json\/wp\/v2\/pages\/15117\/revisions\/15190"}],"up":[{"embeddable":true,"href":"https:\/\/batemanpowerwash.com\/fr\/wp-json\/wp\/v2\/pages\/15119"}],"wp:featuredmedia":[{"embeddable":true,"href":"https:\/\/batemanpowerwash.com\/fr\/wp-json\/wp\/v2\/media\/14369"}],"wp:attachment":[{"href":"https:\/\/batemanpowerwash.com\/fr\/wp-json\/wp\/v2\/media?parent=15117"}],"curies":[{"name":"wp","href":"https:\/\/api.w.org\/{rel}","templated":true}]}}