{"id":15119,"date":"2025-03-24T18:58:03","date_gmt":"2025-03-24T18:58:03","guid":{"rendered":"https:\/\/batemanpowerwash.com\/services-commerciaux-de-lavage-a-haute-pression\/"},"modified":"2026-04-17T04:04:30","modified_gmt":"2026-04-17T04:04:30","slug":"services-commerciaux-de-lavage-a-haute-pression","status":"publish","type":"page","link":"https:\/\/batemanpowerwash.com\/fr\/services-commerciaux-de-lavage-a-haute-pression\/","title":{"rendered":"Services commerciaux de lavage \u00e0 haute pression"},"content":{"rendered":"\n<div class=\"wp-block-cover alignfull orphic-motion-animation has-contrast-color has-text-color has-link-color wp-elements-b3b4a5a028b80ed714b960eacf75498f\" style=\"margin-top:0;margin-bottom:0;padding-top:var(--wp--preset--spacing--70);padding-bottom:var(--wp--preset--spacing--70);min-height:100px;aspect-ratio:unset;\" data-animation-type=\"fadeIn\" data-animation-distance=\"50\" data-animation-duration=\"300\" data-animation-delay=\"0\" data-animation-trigger=\"10\" data-scroll-behavior=\"playOnView\"><img loading=\"lazy\" decoding=\"async\" width=\"800\" height=\"600\" class=\"wp-block-cover__image-background wp-image-14304 size-full\" alt=\"\" src=\"https:\/\/batemanpowerwash.com\/wp-content\/uploads\/2025\/07\/2022-kenworth-w900.1.jpg\" data-object-fit=\"cover\" srcset=\"https:\/\/batemanpowerwash.com\/wp-content\/uploads\/2025\/07\/2022-kenworth-w900.1.jpg 800w, https:\/\/batemanpowerwash.com\/wp-content\/uploads\/2025\/07\/2022-kenworth-w900.1-300x225.jpg 300w, https:\/\/batemanpowerwash.com\/wp-content\/uploads\/2025\/07\/2022-kenworth-w900.1-768x576.jpg 768w\" sizes=\"auto, (max-width: 800px) 100vw, 800px\" \/><span aria-hidden=\"true\" class=\"wp-block-cover__background has-background-dim-100 has-background-dim wp-block-cover__gradient-background has-background-gradient\" style=\"background:linear-gradient(0deg,rgb(255,255,255) 0%,rgba(255,255,255,0) 100%)\"><\/span><div class=\"wp-block-cover__inner-container has-global-padding is-layout-constrained wp-container-core-cover-is-layout-c31b0537 wp-block-cover-is-layout-constrained\">\n\n<h1 class=\"has-text-align-center wp-block-post-title\">Services commerciaux de lavage \u00e0 haute pression<\/h1><\/div><\/div>\n\n<div style=\"height:var(--wp--preset--spacing--50)\" aria-hidden=\"true\" class=\"wp-block-spacer\"><\/div>\n<div class=\"olympus-services accelerator service-description alignnone wp-block-acf-services\">\n  <!-- setup query -->\n  \n  <!-- print services -->\n  <div class=\"olympus-services-wrapper\">\n    \n                              <div class=\"service-card-big row-reverse\" style=\"flex-direction:row-reverse\">\n              <div class=\"service-card-big__img\" style=\"border-top-right-radius: 5px;border-bottom-right-radius: 5px;background-image:url(https:\/\/batemanpowerwash.com\/wp-content\/uploads\/2025\/03\/Untitled-design-13.png);\"><\/div>\n              <div class=\"service-card-big__content\" style=\"background:#440012;color:var(--wp--preset--color--base);\">\n                <div class=\"service-tags-container\">\n                                  <\/div>\n                <h2>\u00c9quipements et machinerie lourde<\/h2>\n                <p><p>Avantages du lavage des \u00e9quipements lourds Table des mati\u00e8res 1. Pourquoi le lavage professionnel d&rsquo;\u00e9quipements lourds est-il important ? Les excavatrices, les bulldozers, les chargeurs, les tracteurs et autres \u00e9quipements lourds travaillent dans des environnements parmi les plus difficiles. Au fil du temps, ils s&rsquo;accumulent : Le lavage professionnel n&rsquo;est pas seulement une question d&rsquo;apparence [&hellip;]<\/p>\n<br><\/p>\n                <div class=\"olympus-services-btn-group\">\n                                      <div class=\"wp-block-button\">\n                      <a href=\"https:\/\/batemanpowerwash.com\/fr\/services-commerciaux-de-lavage-a-haute-pression\/equipements-et-machines-lourds\/\" class=\"wp-block-button__link wp-element-button\" style=\"background:#000000;color:var(--wp--preset--color--base);border-color:#000000;\">R\u00e9server maintenant<\/a>\n                    <\/div>\n                                    <a href=\"https:\/\/batemanpowerwash.com\/fr\/services\/equipements-et-machines-lourds\/\" class=\"learn-more-link\" style=\"color:var(--wp--preset--color--base);\">Lire plus<\/a>\n                <\/div>\n              <\/div>\n            <\/div>\n                  \n    \n                              <div class=\"service-card-big row\" style=\"flex-direction:row\">\n              <div class=\"service-card-big__img\" style=\"border-top-left-radius: 5px;border-bottom-left-radius: 5px;background-image:url(https:\/\/batemanpowerwash.com\/wp-content\/uploads\/2025\/03\/Untitled-design-14.png);\"><\/div>\n              <div class=\"service-card-big__content\" style=\"background:#440012;color:var(--wp--preset--color--base);\">\n                <div class=\"service-tags-container\">\n                                  <\/div>\n                <h2>Lavage de camions<\/h2>\n                <p><p>Avantages du lavage des camions Table des mati\u00e8res 1. L&rsquo;importance du lavage professionnel des camions Que vous exploitiez une petite flotte de livraison ou une cour remplie de camions de transport, vos v\u00e9hicules travaillent dur et sont expos\u00e9s aux conditions les plus difficiles &#8211; sel de d\u00e9neigement, gravier, poussi\u00e8re, huile, boue et changements climatiques constants. [&hellip;]<\/p>\n<br><\/p>\n                <div class=\"olympus-services-btn-group\">\n                                      <div class=\"wp-block-button\">\n                      <a href=\"https:\/\/batemanpowerwash.com\/fr\/services-commerciaux-de-lavage-a-haute-pression\/lavage-de-camions\/\" class=\"wp-block-button__link wp-element-button\" style=\"background:#000000;color:var(--wp--preset--color--base);border-color:#000000;\">R\u00e9server maintenant<\/a>\n                    <\/div>\n                                    <a href=\"https:\/\/batemanpowerwash.com\/fr\/services\/lavage-de-camions\/\" class=\"learn-more-link\" style=\"color:var(--wp--preset--color--base);\">Lire plus<\/a>\n                <\/div>\n              <\/div>\n            <\/div>\n                  \n    \n                              <div class=\"service-card-big row-reverse\" style=\"flex-direction:row-reverse\">\n              <div class=\"service-card-big__img\" style=\"border-top-right-radius: 5px;border-bottom-right-radius: 5px;background-image:url(https:\/\/batemanpowerwash.com\/wp-content\/uploads\/2025\/03\/Untitled-design-16.png);\"><\/div>\n              <div class=\"service-card-big__content\" style=\"background:#440012;color:var(--wp--preset--color--base);\">\n                <div class=\"service-tags-container\">\n                                  <\/div>\n                <h2>Nettoyage de bennes \u00e0 ordures<\/h2>\n                <p><p>Avantages du lavage des bennes \u00e0 ordures Table des mati\u00e8res 1. L&rsquo;importance du lavage professionnel des bennes \u00e0 ordures Les zones d&rsquo;entreposage des bennes \u00e0 ordures sont souvent les parties les plus sales et les plus n\u00e9glig\u00e9es d&rsquo;une propri\u00e9t\u00e9. Elles accumulent les graisses, les d\u00e9chets alimentaires, les liquides renvers\u00e9s, les bact\u00e9ries et les odeurs fortes [&hellip;]<\/p>\n<br><\/p>\n                <div class=\"olympus-services-btn-group\">\n                                      <div class=\"wp-block-button\">\n                      <a href=\"https:\/\/batemanpowerwash.com\/fr\/services-commerciaux-de-lavage-a-haute-pression\/nettoyage-des-bennes-a-ordures\/\" class=\"wp-block-button__link wp-element-button\" style=\"background:#000000;color:var(--wp--preset--color--base);border-color:#000000;\">R\u00e9server maintenant<\/a>\n                    <\/div>\n                                    <a href=\"https:\/\/batemanpowerwash.com\/fr\/services\/nettoyage-des-bennes-a-ordures\/\" class=\"learn-more-link\" style=\"color:var(--wp--preset--color--base);\">Lire plus<\/a>\n                <\/div>\n              <\/div>\n            <\/div>\n                  \n    \n                              <div class=\"service-card-big row\" style=\"flex-direction:row\">\n              <div class=\"service-card-big__img\" style=\"border-top-left-radius: 5px;border-bottom-left-radius: 5px;background-image:url(https:\/\/batemanpowerwash.com\/wp-content\/uploads\/2025\/03\/image0.jpeg);\"><\/div>\n              <div class=\"service-card-big__content\" style=\"background:#440012;color:var(--wp--preset--color--base);\">\n                <div class=\"service-tags-container\">\n                                  <\/div>\n                <h2>B\u00e2timents commerciaux<\/h2>\n                <p><p>Avantages du nettoyage des b\u00e2timents commerciaux et des patios Bateman Power Wash &#8211; Au service de Terrebonne et du Grand Montr\u00e9al Table des mati\u00e8res 1. Pourquoi le lavage professionnel des b\u00e2timents commerciaux est-il important ? Votre propri\u00e9t\u00e9 commerciale est le visage de votre entreprise. Au fil du temps, les b\u00e2timents s&rsquo;accumulent : Le lavage professionnel [&hellip;]<\/p>\n<br><\/p>\n                <div class=\"olympus-services-btn-group\">\n                                      <div class=\"wp-block-button\">\n                      <a href=\"https:\/\/batemanpowerwash.com\/fr\/services-commerciaux-de-lavage-a-haute-pression\/batiments-commerciaux\/\" class=\"wp-block-button__link wp-element-button\" style=\"background:#000000;color:var(--wp--preset--color--base);border-color:#000000;\">R\u00e9server maintenant<\/a>\n                    <\/div>\n                                    <a href=\"https:\/\/batemanpowerwash.com\/fr\/services\/batiments-commerciaux\/\" class=\"learn-more-link\" style=\"color:var(--wp--preset--color--base);\">Lire plus<\/a>\n                <\/div>\n              <\/div>\n            <\/div>\n                  \n      <\/div>\n<\/div>\n<div style=\"height:var(--wp--preset--spacing--50)\" aria-hidden=\"true\" class=\"wp-block-spacer\"><\/div>\n\n<h2 class=\"wp-block-heading\" id=\"h-commercial-power-washing-services-professional-solutions-for-your-business\">Services commerciaux de lavage \u00e0 haute pression : Des solutions professionnelles pour votre entreprise<\/h2>\n\n<p>Lorsque votre entreprise a besoin de solutions de nettoyage fiables et professionnelles, nos <strong>services commerciaux de lavage \u00e0 haute pression<\/strong> offrent des r\u00e9sultats exceptionnels qui am\u00e9liorent l&rsquo;apparence de votre propri\u00e9t\u00e9 et prot\u00e8gent votre investissement. Chez Bateman Power Wash, nous comprenons que le maintien d&rsquo;un ext\u00e9rieur propre et professionnel est crucial pour la r\u00e9putation et l&rsquo;efficacit\u00e9 op\u00e9rationnelle de votre entreprise. <\/p>\n\n<div style=\"height:100px\" aria-hidden=\"true\" class=\"wp-block-spacer\"><\/div>\n\n<h2 class=\"wp-block-heading\" id=\"h-why-choose-professional-commercial-power-washing-services\">Pourquoi choisir des services professionnels de nettoyage \u00e0 l&rsquo;eau ?<\/h2>\n\n<p>Votre propri\u00e9t\u00e9 commerciale est confront\u00e9e \u00e0 des d\u00e9fis uniques qui n\u00e9cessitent une expertise de nettoyage sp\u00e9cialis\u00e9e. Nos <strong>services de lavage commercial sous pression<\/strong> sont con\u00e7us pour r\u00e9pondre aux exigences des environnements professionnels, qu&rsquo;il s&rsquo;agisse d&rsquo;aires de stationnement tr\u00e8s fr\u00e9quent\u00e9es ou d&rsquo;\u00e9quipements industriels lourds. Un nettoyage professionnel am\u00e9liore non seulement l&rsquo;attrait de votre propri\u00e9t\u00e9, mais pr\u00e9vient \u00e9galement les dommages co\u00fbteux caus\u00e9s par l&rsquo;accumulation de salet\u00e9, de crasse et de contaminants environnementaux.  <\/p>\n\n<p>Un lavage commercial r\u00e9gulier prolonge la dur\u00e9e de vie de vos surfaces, r\u00e9duit les co\u00fbts d&rsquo;entretien et garantit que votre entreprise conserve une apparence professionnelle qui attire les clients et les impressionne. Notre \u00e9quipe utilise un \u00e9quipement de qualit\u00e9 industrielle et des solutions de nettoyage \u00e9cologiques pour obtenir des r\u00e9sultats sup\u00e9rieurs tout en prot\u00e9geant votre propri\u00e9t\u00e9 et l&rsquo;environnement. <\/p>\n\n<div style=\"height:100px\" aria-hidden=\"true\" class=\"wp-block-spacer\"><\/div>\n\n<h2 class=\"wp-block-heading\">Solutions commerciales personnalis\u00e9es<\/h2>\n\n<p>Chaque entreprise a des besoins uniques en mati\u00e8re de nettoyage, c&rsquo;est pourquoi nous proposons des <strong>services<\/strong> personnalis\u00e9s <strong>de lavage commercial \u00e0 haute pression<\/strong> adapt\u00e9s \u00e0 vos besoins sp\u00e9cifiques. Notre \u00e9quipe exp\u00e9riment\u00e9e proc\u00e8de \u00e0 des \u00e9valuations approfondies afin de mettre au point des programmes et des techniques de nettoyage qui conviennent le mieux \u00e0 votre type de propri\u00e9t\u00e9, \u00e0 vos habitudes d&rsquo;utilisation et \u00e0 votre budget. <\/p>\n\n<p>Que vous ayez besoin d&rsquo;un nettoyage d&rsquo;entretien hebdomadaire, d&rsquo;un nettoyage saisonnier en profondeur ou d&rsquo;un service de nettoyage d&rsquo;urgence, nous vous proposons des horaires flexibles qui minimisent la perturbation de vos activit\u00e9s professionnelles. Notre objectif est de faire en sorte que votre propri\u00e9t\u00e9 soit la plus belle possible tout en vous permettant de vous concentrer sur la gestion de votre entreprise. <\/p>\n\n<div style=\"height:var(--wp--preset--spacing--50)\" aria-hidden=\"true\" class=\"wp-block-spacer\"><\/div>\n","protected":false},"excerpt":{"rendered":"<p>Services commerciaux de lavage \u00e0 haute pression : Des solutions professionnelles pour votre entreprise Lorsque votre entreprise a besoin de solutions de nettoyage fiables et professionnelles, nos services commerciaux de lavage \u00e0 haute pression offrent des r\u00e9sultats exceptionnels qui am\u00e9liorent l&rsquo;apparence de votre propri\u00e9t\u00e9 et prot\u00e8gent votre investissement. Chez Bateman Power Wash, nous comprenons que [&hellip;]<\/p>\n","protected":false},"author":1,"featured_media":13875,"parent":0,"menu_order":0,"comment_status":"closed","ping_status":"closed","template":"","meta":{"_acf_changed":false,"footnotes":""},"class_list":["post-15119","page","type-page","status-publish","has-post-thumbnail","hentry"],"acf":[],"yoast_head":"<!-- This site is optimized with the Yoast SEO Premium plugin v27.4 (Yoast SEO v27.4) - https:\/\/yoast.com\/product\/yoast-seo-premium-wordpress\/ -->\n<title>Services commerciaux de lavage \u00e0 haute pression pour votre entreprise<\/title>\n<meta name=\"description\" content=\"Gardez vos locaux professionnels impeccables gr\u00e2ce \u00e0 nos services de lavage commercial. Des solutions rentables pour une propret\u00e9 durable.\" \/>\n<meta name=\"robots\" content=\"index, follow, max-snippet:-1, max-image-preview:large, max-video-preview:-1\" \/>\n<link rel=\"canonical\" href=\"https:\/\/batemanpowerwash.com\/fr\/services-commerciaux-de-lavage-a-haute-pression\/\" \/>\n<meta property=\"og:locale\" content=\"fr_CA\" \/>\n<meta property=\"og:type\" content=\"article\" \/>\n<meta property=\"og:title\" content=\"Services commerciaux de lavage \u00e0 haute pression pour votre entreprise\" \/>\n<meta property=\"og:description\" content=\"Les services de lavage commercial de Bateman Power Wash garantissent que votre propri\u00e9t\u00e9 a une apparence professionnelle et attire les clients sans effort.\" \/>\n<meta property=\"og:url\" content=\"https:\/\/batemanpowerwash.com\/fr\/services-commerciaux-de-lavage-a-haute-pression\/\" \/>\n<meta property=\"og:site_name\" content=\"BATEMAN POWER WASH INC.\" \/>\n<meta property=\"article:modified_time\" content=\"2026-04-17T04:04:30+00:00\" \/>\n<meta property=\"og:image\" content=\"https:\/\/batemanpowerwash.com\/wp-content\/uploads\/2025\/04\/Group-78.png\" \/>\n\t<meta property=\"og:image:width\" content=\"3523\" \/>\n\t<meta property=\"og:image:height\" content=\"2432\" \/>\n\t<meta property=\"og:image:type\" content=\"image\/png\" \/>\n<meta name=\"twitter:card\" content=\"summary_large_image\" \/>\n<meta name=\"twitter:title\" content=\"Services commerciaux de lavage \u00e0 haute pression\" \/>\n<meta name=\"twitter:label1\" content=\"Estimation du temps de lecture\" \/>\n\t<meta name=\"twitter:data1\" content=\"2 minutes\" \/>\n<script type=\"application\/ld+json\" class=\"yoast-schema-graph\">{\"@context\":\"https:\\\/\\\/schema.org\",\"@graph\":[{\"@type\":\"WebPage\",\"@id\":\"https:\\\/\\\/batemanpowerwash.com\\\/fr\\\/services-commerciaux-de-lavage-a-haute-pression\\\/\",\"url\":\"https:\\\/\\\/batemanpowerwash.com\\\/fr\\\/services-commerciaux-de-lavage-a-haute-pression\\\/\",\"name\":\"Services commerciaux de lavage \u00e0 haute pression pour votre entreprise\",\"isPartOf\":{\"@id\":\"https:\\\/\\\/batemanpowerwash.com\\\/fr\\\/#website\"},\"primaryImageOfPage\":{\"@id\":\"https:\\\/\\\/batemanpowerwash.com\\\/fr\\\/services-commerciaux-de-lavage-a-haute-pression\\\/#primaryimage\"},\"image\":{\"@id\":\"https:\\\/\\\/batemanpowerwash.com\\\/fr\\\/services-commerciaux-de-lavage-a-haute-pression\\\/#primaryimage\"},\"thumbnailUrl\":\"https:\\\/\\\/batemanpowerwash.com\\\/wp-content\\\/uploads\\\/2025\\\/04\\\/1-1.svg\",\"datePublished\":\"2025-03-24T18:58:03+00:00\",\"dateModified\":\"2026-04-17T04:04:30+00:00\",\"description\":\"Gardez vos locaux professionnels impeccables gr\u00e2ce \u00e0 nos services de lavage commercial. Des solutions rentables pour une propret\u00e9 durable.\",\"breadcrumb\":{\"@id\":\"https:\\\/\\\/batemanpowerwash.com\\\/fr\\\/services-commerciaux-de-lavage-a-haute-pression\\\/#breadcrumb\"},\"inLanguage\":\"fr-CA\",\"potentialAction\":[{\"@type\":\"ReadAction\",\"target\":[\"https:\\\/\\\/batemanpowerwash.com\\\/fr\\\/services-commerciaux-de-lavage-a-haute-pression\\\/\"]}]},{\"@type\":\"ImageObject\",\"inLanguage\":\"fr-CA\",\"@id\":\"https:\\\/\\\/batemanpowerwash.com\\\/fr\\\/services-commerciaux-de-lavage-a-haute-pression\\\/#primaryimage\",\"url\":\"https:\\\/\\\/batemanpowerwash.com\\\/wp-content\\\/uploads\\\/2025\\\/04\\\/1-1.svg\",\"contentUrl\":\"https:\\\/\\\/batemanpowerwash.com\\\/wp-content\\\/uploads\\\/2025\\\/04\\\/1-1.svg\"},{\"@type\":\"BreadcrumbList\",\"@id\":\"https:\\\/\\\/batemanpowerwash.com\\\/fr\\\/services-commerciaux-de-lavage-a-haute-pression\\\/#breadcrumb\",\"itemListElement\":[{\"@type\":\"ListItem\",\"position\":1,\"name\":\"Home\",\"item\":\"https:\\\/\\\/batemanpowerwash.com\\\/fr\\\/\"},{\"@type\":\"ListItem\",\"position\":2,\"name\":\"Services commerciaux de lavage \u00e0 haute pression\"}]},{\"@type\":\"WebSite\",\"@id\":\"https:\\\/\\\/batemanpowerwash.com\\\/fr\\\/#website\",\"url\":\"https:\\\/\\\/batemanpowerwash.com\\\/fr\\\/\",\"name\":\"Bateman Power Washing\",\"description\":\"\",\"publisher\":{\"@id\":\"https:\\\/\\\/batemanpowerwash.com\\\/fr\\\/#organization\"},\"potentialAction\":[{\"@type\":\"SearchAction\",\"target\":{\"@type\":\"EntryPoint\",\"urlTemplate\":\"https:\\\/\\\/batemanpowerwash.com\\\/fr\\\/?s={search_term_string}\"},\"query-input\":{\"@type\":\"PropertyValueSpecification\",\"valueRequired\":true,\"valueName\":\"search_term_string\"}}],\"inLanguage\":\"fr-CA\"},{\"@type\":\"Organization\",\"@id\":\"https:\\\/\\\/batemanpowerwash.com\\\/fr\\\/#organization\",\"name\":\"Bateman Power Washing\",\"url\":\"https:\\\/\\\/batemanpowerwash.com\\\/fr\\\/\",\"logo\":{\"@type\":\"ImageObject\",\"inLanguage\":\"fr-CA\",\"@id\":\"https:\\\/\\\/batemanpowerwash.com\\\/fr\\\/#\\\/schema\\\/logo\\\/image\\\/\",\"url\":\"https:\\\/\\\/batemanpowerwash.com\\\/wp-content\\\/uploads\\\/2025\\\/04\\\/1-1.png\",\"contentUrl\":\"https:\\\/\\\/batemanpowerwash.com\\\/wp-content\\\/uploads\\\/2025\\\/04\\\/1-1.png\",\"width\":1563,\"height\":627,\"caption\":\"Bateman Power Washing\"},\"image\":{\"@id\":\"https:\\\/\\\/batemanpowerwash.com\\\/fr\\\/#\\\/schema\\\/logo\\\/image\\\/\"}}]}<\/script>\n<!-- \/ Yoast SEO Premium plugin. -->","yoast_head_json":{"title":"Services commerciaux de lavage \u00e0 haute pression pour votre entreprise","description":"Gardez vos locaux professionnels impeccables gr\u00e2ce \u00e0 nos services de lavage commercial. Des solutions rentables pour une propret\u00e9 durable.","robots":{"index":"index","follow":"follow","max-snippet":"max-snippet:-1","max-image-preview":"max-image-preview:large","max-video-preview":"max-video-preview:-1"},"canonical":"https:\/\/batemanpowerwash.com\/fr\/services-commerciaux-de-lavage-a-haute-pression\/","og_locale":"fr_CA","og_type":"article","og_title":"Services commerciaux de lavage \u00e0 haute pression pour votre entreprise","og_description":"Les services de lavage commercial de Bateman Power Wash garantissent que votre propri\u00e9t\u00e9 a une apparence professionnelle et attire les clients sans effort.","og_url":"https:\/\/batemanpowerwash.com\/fr\/services-commerciaux-de-lavage-a-haute-pression\/","og_site_name":"BATEMAN POWER WASH INC.","article_modified_time":"2026-04-17T04:04:30+00:00","og_image":[{"width":3523,"height":2432,"url":"https:\/\/batemanpowerwash.com\/wp-content\/uploads\/2025\/04\/Group-78.png","type":"image\/png"}],"twitter_card":"summary_large_image","twitter_title":"Services commerciaux de lavage \u00e0 haute pression","twitter_misc":{"Estimation du temps de lecture":"2 minutes"},"schema":{"@context":"https:\/\/schema.org","@graph":[{"@type":"WebPage","@id":"https:\/\/batemanpowerwash.com\/fr\/services-commerciaux-de-lavage-a-haute-pression\/","url":"https:\/\/batemanpowerwash.com\/fr\/services-commerciaux-de-lavage-a-haute-pression\/","name":"Services commerciaux de lavage \u00e0 haute pression pour votre entreprise","isPartOf":{"@id":"https:\/\/batemanpowerwash.com\/fr\/#website"},"primaryImageOfPage":{"@id":"https:\/\/batemanpowerwash.com\/fr\/services-commerciaux-de-lavage-a-haute-pression\/#primaryimage"},"image":{"@id":"https:\/\/batemanpowerwash.com\/fr\/services-commerciaux-de-lavage-a-haute-pression\/#primaryimage"},"thumbnailUrl":"https:\/\/batemanpowerwash.com\/wp-content\/uploads\/2025\/04\/1-1.svg","datePublished":"2025-03-24T18:58:03+00:00","dateModified":"2026-04-17T04:04:30+00:00","description":"Gardez vos locaux professionnels impeccables gr\u00e2ce \u00e0 nos services de lavage commercial. Des solutions rentables pour une propret\u00e9 durable.","breadcrumb":{"@id":"https:\/\/batemanpowerwash.com\/fr\/services-commerciaux-de-lavage-a-haute-pression\/#breadcrumb"},"inLanguage":"fr-CA","potentialAction":[{"@type":"ReadAction","target":["https:\/\/batemanpowerwash.com\/fr\/services-commerciaux-de-lavage-a-haute-pression\/"]}]},{"@type":"ImageObject","inLanguage":"fr-CA","@id":"https:\/\/batemanpowerwash.com\/fr\/services-commerciaux-de-lavage-a-haute-pression\/#primaryimage","url":"https:\/\/batemanpowerwash.com\/wp-content\/uploads\/2025\/04\/1-1.svg","contentUrl":"https:\/\/batemanpowerwash.com\/wp-content\/uploads\/2025\/04\/1-1.svg"},{"@type":"BreadcrumbList","@id":"https:\/\/batemanpowerwash.com\/fr\/services-commerciaux-de-lavage-a-haute-pression\/#breadcrumb","itemListElement":[{"@type":"ListItem","position":1,"name":"Home","item":"https:\/\/batemanpowerwash.com\/fr\/"},{"@type":"ListItem","position":2,"name":"Services commerciaux de lavage \u00e0 haute pression"}]},{"@type":"WebSite","@id":"https:\/\/batemanpowerwash.com\/fr\/#website","url":"https:\/\/batemanpowerwash.com\/fr\/","name":"Bateman Power Washing","description":"","publisher":{"@id":"https:\/\/batemanpowerwash.com\/fr\/#organization"},"potentialAction":[{"@type":"SearchAction","target":{"@type":"EntryPoint","urlTemplate":"https:\/\/batemanpowerwash.com\/fr\/?s={search_term_string}"},"query-input":{"@type":"PropertyValueSpecification","valueRequired":true,"valueName":"search_term_string"}}],"inLanguage":"fr-CA"},{"@type":"Organization","@id":"https:\/\/batemanpowerwash.com\/fr\/#organization","name":"Bateman Power Washing","url":"https:\/\/batemanpowerwash.com\/fr\/","logo":{"@type":"ImageObject","inLanguage":"fr-CA","@id":"https:\/\/batemanpowerwash.com\/fr\/#\/schema\/logo\/image\/","url":"https:\/\/batemanpowerwash.com\/wp-content\/uploads\/2025\/04\/1-1.png","contentUrl":"https:\/\/batemanpowerwash.com\/wp-content\/uploads\/2025\/04\/1-1.png","width":1563,"height":627,"caption":"Bateman Power Washing"},"image":{"@id":"https:\/\/batemanpowerwash.com\/fr\/#\/schema\/logo\/image\/"}}]}},"_links":{"self":[{"href":"https:\/\/batemanpowerwash.com\/fr\/wp-json\/wp\/v2\/pages\/15119","targetHints":{"allow":["GET"]}}],"collection":[{"href":"https:\/\/batemanpowerwash.com\/fr\/wp-json\/wp\/v2\/pages"}],"about":[{"href":"https:\/\/batemanpowerwash.com\/fr\/wp-json\/wp\/v2\/types\/page"}],"author":[{"embeddable":true,"href":"https:\/\/batemanpowerwash.com\/fr\/wp-json\/wp\/v2\/users\/1"}],"replies":[{"embeddable":true,"href":"https:\/\/batemanpowerwash.com\/fr\/wp-json\/wp\/v2\/comments?post=15119"}],"version-history":[{"count":1,"href":"https:\/\/batemanpowerwash.com\/fr\/wp-json\/wp\/v2\/pages\/15119\/revisions"}],"predecessor-version":[{"id":15122,"href":"https:\/\/batemanpowerwash.com\/fr\/wp-json\/wp\/v2\/pages\/15119\/revisions\/15122"}],"wp:featuredmedia":[{"embeddable":true,"href":"https:\/\/batemanpowerwash.com\/fr\/wp-json\/wp\/v2\/media\/13875"}],"wp:attachment":[{"href":"https:\/\/batemanpowerwash.com\/fr\/wp-json\/wp\/v2\/media?parent=15119"}],"curies":[{"name":"wp","href":"https:\/\/api.w.org\/{rel}","templated":true}]}}