{"id":15123,"date":"2025-03-24T18:58:03","date_gmt":"2025-03-24T18:58:03","guid":{"rendered":"https:\/\/batemanpowerwash.com\/services-de-lavage-a-haute-pression-residentiels\/lavage-de-la-terrasse\/"},"modified":"2026-04-17T04:40:06","modified_gmt":"2026-04-17T04:40:06","slug":"lavage-de-la-terrasse","status":"publish","type":"page","link":"https:\/\/batemanpowerwash.com\/fr\/services-de-lavage-a-haute-pression-residentiels\/lavage-de-la-terrasse\/","title":{"rendered":"Lavage de terrasses"},"content":{"rendered":"\n<div class=\"wp-block-cover alignfull orphic-motion-animation has-contrast-color has-text-color has-link-color wp-elements-1503c3bdc90c2c6918e035ca664407ec\" style=\"margin-top:0;margin-bottom:0;padding-top:var(--wp--preset--spacing--70);padding-bottom:var(--wp--preset--spacing--70);min-height:397px;aspect-ratio:unset;\" data-animation-type=\"fadeIn\" data-animation-distance=\"50\" data-animation-duration=\"300\" data-animation-delay=\"0\" data-animation-trigger=\"10\" data-scroll-behavior=\"playOnView\"><span aria-hidden=\"true\" class=\"wp-block-cover__background has-background-dim-100 has-background-dim has-background-gradient\" style=\"background:linear-gradient(180deg,rgb(255,255,255) 0%,rgba(255,255,255,0.4) 100%)\"><\/span><img loading=\"lazy\" decoding=\"async\" width=\"1280\" height=\"1280\" src=\"https:\/\/batemanpowerwash.com\/wp-content\/uploads\/2025\/04\/IMG_5168.jpg\" class=\"wp-block-cover__image-background wp-post-image\" alt=\"\" data-object-fit=\"cover\" srcset=\"https:\/\/batemanpowerwash.com\/wp-content\/uploads\/2025\/04\/IMG_5168.jpg 1280w, https:\/\/batemanpowerwash.com\/wp-content\/uploads\/2025\/04\/IMG_5168-300x300.jpg 300w, https:\/\/batemanpowerwash.com\/wp-content\/uploads\/2025\/04\/IMG_5168-1024x1024.jpg 1024w, https:\/\/batemanpowerwash.com\/wp-content\/uploads\/2025\/04\/IMG_5168-150x150.jpg 150w, https:\/\/batemanpowerwash.com\/wp-content\/uploads\/2025\/04\/IMG_5168-768x768.jpg 768w\" sizes=\"auto, (max-width: 1280px) 100vw, 1280px\" \/><div class=\"wp-block-cover__inner-container has-global-padding is-layout-constrained wp-container-core-cover-is-layout-c31b0537 wp-block-cover-is-layout-constrained\">\n\n<h1 class=\"has-text-align-center wp-block-post-title\">Lavage de terrasses<\/h1><\/div><\/div>\n\n\n\n<div id='miocommerce-integration'><\/div> \n <script> \n (function(p,l,a,t,f,o,r) { p['miocommerce-integration']=f;p[f]= function() {(p[f].q=p[f].q||[]).push(arguments)},p[f].l=1*new Date(); o=l.createElement(a),r=l.getElementsByTagName(a)[0];o.async=1;o.src=t+'?t='+1*new Date();r.parentNode.insertBefore(o,r) })(window,document,'script','\/\/int.miocommerce.com\/int\/platform.boot.min.js','miocommerce'); miocommerce('miocommerce','f7916dec-ef12-4252-84a2-9776b87f7734','booking','bateman-power-wash-inc-fr','fr','72d0b5ff-92b9-4d26-85f7-86667633330e'); \n <\/script> \n","protected":false},"excerpt":{"rendered":"","protected":false},"author":1,"featured_media":13989,"parent":15098,"menu_order":0,"comment_status":"closed","ping_status":"closed","template":"","meta":{"_acf_changed":false,"footnotes":""},"class_list":["post-15123","page","type-page","status-publish","has-post-thumbnail","hentry"],"acf":[],"yoast_head":"<!-- This site is optimized with the Yoast SEO Premium plugin v27.4 (Yoast SEO v27.4) - https:\/\/yoast.com\/product\/yoast-seo-premium-wordpress\/ -->\n<title>Lavage de la terrasse : Gardez votre bois \u00e0 l&#039;\u00e9tat neuf<\/title>\n<meta name=\"description\" content=\"D\u00e9couvrez comment le lavage de terrasse peut am\u00e9liorer l&#039;aspect et la durabilit\u00e9 de votre terrasse. D\u00e9couvrez d\u00e8s maintenant des m\u00e9thodes de nettoyage efficaces.\" \/>\n<meta name=\"robots\" content=\"noindex, follow\" \/>\n<meta property=\"og:locale\" content=\"fr_CA\" \/>\n<meta property=\"og:type\" content=\"article\" \/>\n<meta property=\"og:title\" content=\"Lavage de terrasse : conseils essentiels pour les propri\u00e9taires de maison\" \/>\n<meta property=\"og:description\" content=\"Votre terrasse a besoin d&#039;\u00eatre rafra\u00eechie ? D\u00e9couvrez comment le lavage de la terrasse peut am\u00e9liorer son apparence et sa long\u00e9vit\u00e9.\" \/>\n<meta property=\"og:url\" content=\"https:\/\/batemanpowerwash.com\/fr\/services-de-lavage-a-haute-pression-residentiels\/lavage-de-la-terrasse\/\" \/>\n<meta property=\"og:site_name\" content=\"BATEMAN POWER WASH INC.\" \/>\n<meta property=\"article:modified_time\" content=\"2026-04-17T04:40:06+00:00\" \/>\n<meta property=\"og:image\" content=\"https:\/\/batemanpowerwash.com\/wp-content\/uploads\/2025\/04\/IMG_5168.jpg\" \/>\n\t<meta property=\"og:image:width\" content=\"1280\" \/>\n\t<meta property=\"og:image:height\" content=\"1280\" \/>\n\t<meta property=\"og:image:type\" content=\"image\/jpeg\" \/>\n<meta name=\"twitter:card\" content=\"summary_large_image\" \/>\n<meta name=\"twitter:title\" content=\"Lavage de terrasses\" \/>\n<meta name=\"twitter:label1\" content=\"Estimation du temps de lecture\" \/>\n\t<meta name=\"twitter:data1\" content=\"1 minute\" \/>\n<script type=\"application\/ld+json\" class=\"yoast-schema-graph\">{\"@context\":\"https:\\\/\\\/schema.org\",\"@graph\":[{\"@type\":\"WebPage\",\"@id\":\"https:\\\/\\\/batemanpowerwash.com\\\/fr\\\/services-de-lavage-a-haute-pression-residentiels\\\/lavage-de-la-terrasse\\\/\",\"url\":\"https:\\\/\\\/batemanpowerwash.com\\\/fr\\\/services-de-lavage-a-haute-pression-residentiels\\\/lavage-de-la-terrasse\\\/\",\"name\":\"Lavage de la terrasse : Gardez votre bois \u00e0 l'\u00e9tat neuf\",\"isPartOf\":{\"@id\":\"https:\\\/\\\/batemanpowerwash.com\\\/fr\\\/#website\"},\"primaryImageOfPage\":{\"@id\":\"https:\\\/\\\/batemanpowerwash.com\\\/fr\\\/services-de-lavage-a-haute-pression-residentiels\\\/lavage-de-la-terrasse\\\/#primaryimage\"},\"image\":{\"@id\":\"https:\\\/\\\/batemanpowerwash.com\\\/fr\\\/services-de-lavage-a-haute-pression-residentiels\\\/lavage-de-la-terrasse\\\/#primaryimage\"},\"thumbnailUrl\":\"https:\\\/\\\/batemanpowerwash.com\\\/wp-content\\\/uploads\\\/2025\\\/04\\\/IMG_5168.jpg\",\"datePublished\":\"2025-03-24T18:58:03+00:00\",\"dateModified\":\"2026-04-17T04:40:06+00:00\",\"description\":\"D\u00e9couvrez comment le lavage de terrasse peut am\u00e9liorer l'aspect et la durabilit\u00e9 de votre terrasse. D\u00e9couvrez d\u00e8s maintenant des m\u00e9thodes de nettoyage efficaces.\",\"breadcrumb\":{\"@id\":\"https:\\\/\\\/batemanpowerwash.com\\\/fr\\\/services-de-lavage-a-haute-pression-residentiels\\\/lavage-de-la-terrasse\\\/#breadcrumb\"},\"inLanguage\":\"fr-CA\",\"potentialAction\":[{\"@type\":\"ReadAction\",\"target\":[\"https:\\\/\\\/batemanpowerwash.com\\\/fr\\\/services-de-lavage-a-haute-pression-residentiels\\\/lavage-de-la-terrasse\\\/\"]}]},{\"@type\":\"ImageObject\",\"inLanguage\":\"fr-CA\",\"@id\":\"https:\\\/\\\/batemanpowerwash.com\\\/fr\\\/services-de-lavage-a-haute-pression-residentiels\\\/lavage-de-la-terrasse\\\/#primaryimage\",\"url\":\"https:\\\/\\\/batemanpowerwash.com\\\/wp-content\\\/uploads\\\/2025\\\/04\\\/IMG_5168.jpg\",\"contentUrl\":\"https:\\\/\\\/batemanpowerwash.com\\\/wp-content\\\/uploads\\\/2025\\\/04\\\/IMG_5168.jpg\",\"width\":1280,\"height\":1280},{\"@type\":\"BreadcrumbList\",\"@id\":\"https:\\\/\\\/batemanpowerwash.com\\\/fr\\\/services-de-lavage-a-haute-pression-residentiels\\\/lavage-de-la-terrasse\\\/#breadcrumb\",\"itemListElement\":[{\"@type\":\"ListItem\",\"position\":1,\"name\":\"Home\",\"item\":\"https:\\\/\\\/batemanpowerwash.com\\\/fr\\\/\"},{\"@type\":\"ListItem\",\"position\":2,\"name\":\"Services de lavage \u00e0 haute pression r\u00e9sidentiels\",\"item\":\"https:\\\/\\\/batemanpowerwash.com\\\/fr\\\/services-de-lavage-a-haute-pression-residentiels\\\/\"},{\"@type\":\"ListItem\",\"position\":3,\"name\":\"Lavage de terrasses\"}]},{\"@type\":\"WebSite\",\"@id\":\"https:\\\/\\\/batemanpowerwash.com\\\/fr\\\/#website\",\"url\":\"https:\\\/\\\/batemanpowerwash.com\\\/fr\\\/\",\"name\":\"Bateman Power Washing\",\"description\":\"\",\"publisher\":{\"@id\":\"https:\\\/\\\/batemanpowerwash.com\\\/fr\\\/#organization\"},\"potentialAction\":[{\"@type\":\"SearchAction\",\"target\":{\"@type\":\"EntryPoint\",\"urlTemplate\":\"https:\\\/\\\/batemanpowerwash.com\\\/fr\\\/?s={search_term_string}\"},\"query-input\":{\"@type\":\"PropertyValueSpecification\",\"valueRequired\":true,\"valueName\":\"search_term_string\"}}],\"inLanguage\":\"fr-CA\"},{\"@type\":\"Organization\",\"@id\":\"https:\\\/\\\/batemanpowerwash.com\\\/fr\\\/#organization\",\"name\":\"Bateman Power Washing\",\"url\":\"https:\\\/\\\/batemanpowerwash.com\\\/fr\\\/\",\"logo\":{\"@type\":\"ImageObject\",\"inLanguage\":\"fr-CA\",\"@id\":\"https:\\\/\\\/batemanpowerwash.com\\\/fr\\\/#\\\/schema\\\/logo\\\/image\\\/\",\"url\":\"https:\\\/\\\/batemanpowerwash.com\\\/wp-content\\\/uploads\\\/2025\\\/04\\\/1-1.png\",\"contentUrl\":\"https:\\\/\\\/batemanpowerwash.com\\\/wp-content\\\/uploads\\\/2025\\\/04\\\/1-1.png\",\"width\":1563,\"height\":627,\"caption\":\"Bateman Power Washing\"},\"image\":{\"@id\":\"https:\\\/\\\/batemanpowerwash.com\\\/fr\\\/#\\\/schema\\\/logo\\\/image\\\/\"}}]}<\/script>\n<!-- \/ Yoast SEO Premium plugin. -->","yoast_head_json":{"title":"Lavage de la terrasse : Gardez votre bois \u00e0 l'\u00e9tat neuf","description":"D\u00e9couvrez comment le lavage de terrasse peut am\u00e9liorer l'aspect et la durabilit\u00e9 de votre terrasse. D\u00e9couvrez d\u00e8s maintenant des m\u00e9thodes de nettoyage efficaces.","robots":{"index":"noindex","follow":"follow"},"og_locale":"fr_CA","og_type":"article","og_title":"Lavage de terrasse : conseils essentiels pour les propri\u00e9taires de maison","og_description":"Votre terrasse a besoin d'\u00eatre rafra\u00eechie ? D\u00e9couvrez comment le lavage de la terrasse peut am\u00e9liorer son apparence et sa long\u00e9vit\u00e9.","og_url":"https:\/\/batemanpowerwash.com\/fr\/services-de-lavage-a-haute-pression-residentiels\/lavage-de-la-terrasse\/","og_site_name":"BATEMAN POWER WASH INC.","article_modified_time":"2026-04-17T04:40:06+00:00","og_image":[{"width":1280,"height":1280,"url":"https:\/\/batemanpowerwash.com\/wp-content\/uploads\/2025\/04\/IMG_5168.jpg","type":"image\/jpeg"}],"twitter_card":"summary_large_image","twitter_title":"Lavage de terrasses","twitter_misc":{"Estimation du temps de lecture":"1 minute"},"schema":{"@context":"https:\/\/schema.org","@graph":[{"@type":"WebPage","@id":"https:\/\/batemanpowerwash.com\/fr\/services-de-lavage-a-haute-pression-residentiels\/lavage-de-la-terrasse\/","url":"https:\/\/batemanpowerwash.com\/fr\/services-de-lavage-a-haute-pression-residentiels\/lavage-de-la-terrasse\/","name":"Lavage de la terrasse : Gardez votre bois \u00e0 l'\u00e9tat neuf","isPartOf":{"@id":"https:\/\/batemanpowerwash.com\/fr\/#website"},"primaryImageOfPage":{"@id":"https:\/\/batemanpowerwash.com\/fr\/services-de-lavage-a-haute-pression-residentiels\/lavage-de-la-terrasse\/#primaryimage"},"image":{"@id":"https:\/\/batemanpowerwash.com\/fr\/services-de-lavage-a-haute-pression-residentiels\/lavage-de-la-terrasse\/#primaryimage"},"thumbnailUrl":"https:\/\/batemanpowerwash.com\/wp-content\/uploads\/2025\/04\/IMG_5168.jpg","datePublished":"2025-03-24T18:58:03+00:00","dateModified":"2026-04-17T04:40:06+00:00","description":"D\u00e9couvrez comment le lavage de terrasse peut am\u00e9liorer l'aspect et la durabilit\u00e9 de votre terrasse. D\u00e9couvrez d\u00e8s maintenant des m\u00e9thodes de nettoyage efficaces.","breadcrumb":{"@id":"https:\/\/batemanpowerwash.com\/fr\/services-de-lavage-a-haute-pression-residentiels\/lavage-de-la-terrasse\/#breadcrumb"},"inLanguage":"fr-CA","potentialAction":[{"@type":"ReadAction","target":["https:\/\/batemanpowerwash.com\/fr\/services-de-lavage-a-haute-pression-residentiels\/lavage-de-la-terrasse\/"]}]},{"@type":"ImageObject","inLanguage":"fr-CA","@id":"https:\/\/batemanpowerwash.com\/fr\/services-de-lavage-a-haute-pression-residentiels\/lavage-de-la-terrasse\/#primaryimage","url":"https:\/\/batemanpowerwash.com\/wp-content\/uploads\/2025\/04\/IMG_5168.jpg","contentUrl":"https:\/\/batemanpowerwash.com\/wp-content\/uploads\/2025\/04\/IMG_5168.jpg","width":1280,"height":1280},{"@type":"BreadcrumbList","@id":"https:\/\/batemanpowerwash.com\/fr\/services-de-lavage-a-haute-pression-residentiels\/lavage-de-la-terrasse\/#breadcrumb","itemListElement":[{"@type":"ListItem","position":1,"name":"Home","item":"https:\/\/batemanpowerwash.com\/fr\/"},{"@type":"ListItem","position":2,"name":"Services de lavage \u00e0 haute pression r\u00e9sidentiels","item":"https:\/\/batemanpowerwash.com\/fr\/services-de-lavage-a-haute-pression-residentiels\/"},{"@type":"ListItem","position":3,"name":"Lavage de terrasses"}]},{"@type":"WebSite","@id":"https:\/\/batemanpowerwash.com\/fr\/#website","url":"https:\/\/batemanpowerwash.com\/fr\/","name":"Bateman Power Washing","description":"","publisher":{"@id":"https:\/\/batemanpowerwash.com\/fr\/#organization"},"potentialAction":[{"@type":"SearchAction","target":{"@type":"EntryPoint","urlTemplate":"https:\/\/batemanpowerwash.com\/fr\/?s={search_term_string}"},"query-input":{"@type":"PropertyValueSpecification","valueRequired":true,"valueName":"search_term_string"}}],"inLanguage":"fr-CA"},{"@type":"Organization","@id":"https:\/\/batemanpowerwash.com\/fr\/#organization","name":"Bateman Power Washing","url":"https:\/\/batemanpowerwash.com\/fr\/","logo":{"@type":"ImageObject","inLanguage":"fr-CA","@id":"https:\/\/batemanpowerwash.com\/fr\/#\/schema\/logo\/image\/","url":"https:\/\/batemanpowerwash.com\/wp-content\/uploads\/2025\/04\/1-1.png","contentUrl":"https:\/\/batemanpowerwash.com\/wp-content\/uploads\/2025\/04\/1-1.png","width":1563,"height":627,"caption":"Bateman Power Washing"},"image":{"@id":"https:\/\/batemanpowerwash.com\/fr\/#\/schema\/logo\/image\/"}}]}},"_links":{"self":[{"href":"https:\/\/batemanpowerwash.com\/fr\/wp-json\/wp\/v2\/pages\/15123","targetHints":{"allow":["GET"]}}],"collection":[{"href":"https:\/\/batemanpowerwash.com\/fr\/wp-json\/wp\/v2\/pages"}],"about":[{"href":"https:\/\/batemanpowerwash.com\/fr\/wp-json\/wp\/v2\/types\/page"}],"author":[{"embeddable":true,"href":"https:\/\/batemanpowerwash.com\/fr\/wp-json\/wp\/v2\/users\/1"}],"replies":[{"embeddable":true,"href":"https:\/\/batemanpowerwash.com\/fr\/wp-json\/wp\/v2\/comments?post=15123"}],"version-history":[{"count":2,"href":"https:\/\/batemanpowerwash.com\/fr\/wp-json\/wp\/v2\/pages\/15123\/revisions"}],"predecessor-version":[{"id":15194,"href":"https:\/\/batemanpowerwash.com\/fr\/wp-json\/wp\/v2\/pages\/15123\/revisions\/15194"}],"up":[{"embeddable":true,"href":"https:\/\/batemanpowerwash.com\/fr\/wp-json\/wp\/v2\/pages\/15098"}],"wp:featuredmedia":[{"embeddable":true,"href":"https:\/\/batemanpowerwash.com\/fr\/wp-json\/wp\/v2\/media\/13989"}],"wp:attachment":[{"href":"https:\/\/batemanpowerwash.com\/fr\/wp-json\/wp\/v2\/media?parent=15123"}],"curies":[{"name":"wp","href":"https:\/\/api.w.org\/{rel}","templated":true}]}}