{"id":15128,"date":"2025-03-24T18:58:03","date_gmt":"2025-03-24T18:58:03","guid":{"rendered":"https:\/\/batemanpowerwash.com\/questions-frequemment-posees\/"},"modified":"2026-04-17T04:04:30","modified_gmt":"2026-04-17T04:04:30","slug":"questions-frequemment-posees","status":"publish","type":"page","link":"https:\/\/batemanpowerwash.com\/fr\/questions-frequemment-posees\/","title":{"rendered":"Questions fr\u00e9quemment pos\u00e9es"},"content":{"rendered":"\n<div class=\"wp-block-cover alignfull orphic-motion-animation has-contrast-color has-text-color has-link-color wp-elements-08951a170cebff419ca40cc8142e7195\" style=\"margin-top:0;margin-bottom:0;padding-top:var(--wp--preset--spacing--70);padding-bottom:var(--wp--preset--spacing--70);min-height:100px;aspect-ratio:unset;\" data-animation-type=\"fadeIn\" data-animation-distance=\"50\" data-animation-duration=\"300\" data-animation-delay=\"0\" data-animation-trigger=\"30\" data-scroll-behavior=\"playOnView\"><span aria-hidden=\"true\" class=\"wp-block-cover__background has-background-dim-100 has-background-dim has-background-gradient\" style=\"background:linear-gradient(180deg,rgb(255,255,255) 0%,rgba(255,255,255,0.4) 100%)\"><\/span><img loading=\"lazy\" decoding=\"async\" width=\"1280\" height=\"1280\" src=\"https:\/\/batemanpowerwash.com\/wp-content\/uploads\/2025\/04\/IMG_5168.jpg\" class=\"wp-block-cover__image-background wp-post-image\" alt=\"\" data-object-fit=\"cover\" srcset=\"https:\/\/batemanpowerwash.com\/wp-content\/uploads\/2025\/04\/IMG_5168.jpg 1280w, https:\/\/batemanpowerwash.com\/wp-content\/uploads\/2025\/04\/IMG_5168-300x300.jpg 300w, https:\/\/batemanpowerwash.com\/wp-content\/uploads\/2025\/04\/IMG_5168-1024x1024.jpg 1024w, https:\/\/batemanpowerwash.com\/wp-content\/uploads\/2025\/04\/IMG_5168-150x150.jpg 150w, https:\/\/batemanpowerwash.com\/wp-content\/uploads\/2025\/04\/IMG_5168-768x768.jpg 768w\" sizes=\"auto, (max-width: 1280px) 100vw, 1280px\" \/><div class=\"wp-block-cover__inner-container has-global-padding is-layout-constrained wp-container-core-cover-is-layout-c31b0537 wp-block-cover-is-layout-constrained\">\n\n<h1 class=\"has-text-align-center wp-block-post-title\">Questions fr\u00e9quemment pos\u00e9es<\/h1><\/div><\/div>\n\n\n\n<div style=\"height:var(--wp--preset--spacing--50)\" aria-hidden=\"true\" class=\"wp-block-spacer\"><\/div>\n\n\n<div class=\"olympus-faq accelerator\">\n        <div class=\"olympus-faq-item tod-accordion faq closed\" style=\"border-color:var(--wp--preset--color--primary);\">\n        <div class=\"accordion-title\">\n          <h3>Que se passe-t-il si je ne suis pas satisfait du travail que vous effectuez pour moi ?<\/h3>\n          <svg xmlns=\"http:\/\/www.w3.org\/2000\/svg\" viewBox=\"0 0 448 512\" style=\"fill:var(--wp--preset--color--primary);\">\n            <path d=\"M199 401c9.4 9.4 24.6 9.4 33.9 0L425 209c9.4-9.4 9.4-24.6 0-33.9s-24.6-9.4-33.9 0l-175 175L41 175c-9.4-9.4-24.6-9.4-33.9 0s-9.4 24.6 0 33.9L199 401z\" \/>\n          <\/svg>\n        <\/div>\n        <div class=\"accordion-content\" style=\"display:none;\">\n          <p>Notre r\u00e9putation est notre atout le plus pr\u00e9cieux, c&rsquo;est pourquoi nous offrons une garantie de satisfaction \u00e0 100 %. Si vous n&rsquo;\u00eates pas satisfait, contactez-nous et nous reviendrons.   <\/p>\n        <\/div>\n      <\/div>\n        <div class=\"olympus-faq-item tod-accordion faq closed\" style=\"border-color:var(--wp--preset--color--primary);\">\n        <div class=\"accordion-title\">\n          <h3>Comment r\u00e9server un nettoyage commercial ou r\u00e9sidentiel ?<\/h3>\n          <svg xmlns=\"http:\/\/www.w3.org\/2000\/svg\" viewBox=\"0 0 448 512\" style=\"fill:var(--wp--preset--color--primary);\">\n            <path d=\"M199 401c9.4 9.4 24.6 9.4 33.9 0L425 209c9.4-9.4 9.4-24.6 0-33.9s-24.6-9.4-33.9 0l-175 175L41 175c-9.4-9.4-24.6-9.4-33.9 0s-9.4 24.6 0 33.9L199 401z\" \/>\n          <\/svg>\n        <\/div>\n        <div class=\"accordion-content\" style=\"display:none;\">\n          <p data-start=\"52\" data-end=\"376\">\n<p data-start=\"378\" data-end=\"488\" data-is-last-node=\"\" data-is-only-node=\"\"><strong data-start=\"378\" data-end=\"391\">Par t\u00e9l\u00e9phone :<\/strong><br data-start=\"391\" data-end=\"394\">Vous pr\u00e9f\u00e9rez parler \u00e0 quelqu&rsquo;un ? Appelez-nous au <strong data-start=\"432\" data-end=\"450\" data-is-only-node=\"\">(514) 662-9274<\/strong> et nous r\u00e9serverons votre nettoyage pour vous. <\/p>\n\n<p>Par courriel : Mike@BatemanPowerWash.Com<\/p>\n\n<p><\/p>\n        <\/div>\n      <\/div>\n        <div class=\"olympus-faq-item tod-accordion faq closed\" style=\"border-color:var(--wp--preset--color--primary);\">\n        <div class=\"accordion-title\">\n          <h3>Dois-je \u00eatre sur place lorsque vous arrivez pour le nettoyage ?<\/h3>\n          <svg xmlns=\"http:\/\/www.w3.org\/2000\/svg\" viewBox=\"0 0 448 512\" style=\"fill:var(--wp--preset--color--primary);\">\n            <path d=\"M199 401c9.4 9.4 24.6 9.4 33.9 0L425 209c9.4-9.4 9.4-24.6 0-33.9s-24.6-9.4-33.9 0l-175 175L41 175c-9.4-9.4-24.6-9.4-33.9 0s-9.4 24.6 0 33.9L199 401z\" \/>\n          <\/svg>\n        <\/div>\n        <div class=\"accordion-content\" style=\"display:none;\">\n          <p>C&rsquo;est vous qui d\u00e9cidez ! Ce qui fonctionne pour vous fonctionnera pour nous ! Indiquez-nous simplement la m\u00e9thode qui vous convient le mieux.  <\/p>\n        <\/div>\n      <\/div>\n        <div class=\"olympus-faq-item tod-accordion faq closed\" style=\"border-color:var(--wp--preset--color--primary);\">\n        <div class=\"accordion-title\">\n          <h3>Puis-je organiser des visites r\u00e9p\u00e9t\u00e9es ?<\/h3>\n          <svg xmlns=\"http:\/\/www.w3.org\/2000\/svg\" viewBox=\"0 0 448 512\" style=\"fill:var(--wp--preset--color--primary);\">\n            <path d=\"M199 401c9.4 9.4 24.6 9.4 33.9 0L425 209c9.4-9.4 9.4-24.6 0-33.9s-24.6-9.4-33.9 0l-175 175L41 175c-9.4-9.4-24.6-9.4-33.9 0s-9.4 24.6 0 33.9L199 401z\" \/>\n          <\/svg>\n        <\/div>\n        <div class=\"accordion-content\" style=\"display:none;\">\n          <p data-start=\"0\" data-end=\"70\">Oui, et vous ferez des \u00e9conomies en le faisant.<\/p>\n<p data-start=\"72\" data-end=\"108\">Lors de la r\u00e9servation d&rsquo;un service, vous pouvez<\/p>\n<ul data-start=\"109\" data-end=\"253\">\n<li data-start=\"109\" data-end=\"192\">\n<p data-start=\"111\" data-end=\"192\"><strong data-start=\"111\" data-end=\"146\">Programmer des rendez-vous r\u00e9currents<\/strong> (hebdomadaires, bihebdomadaires, mensuels ou personnalis\u00e9s), ou<\/p>\n<\/li>\n<li data-start=\"193\" data-end=\"253\">\n<p data-start=\"195\" data-end=\"253\"><strong data-start=\"195\" data-end=\"224\">Achetez des forfaits pr\u00e9pay\u00e9s<\/strong> pour r\u00e9aliser des \u00e9conomies instantan\u00e9es.<\/p>\n<\/li>\n<\/ul>\n<p data-start=\"255\" data-end=\"389\">Appelez-nous (514-662-9274)<\/p>\n        <\/div>\n      <\/div>\n        <div class=\"olympus-faq-item tod-accordion faq closed\" style=\"border-color:var(--wp--preset--color--primary);\">\n        <div class=\"accordion-title\">\n          <h3>Utilisez-vous des produits de nettoyage \u00e9cologiques ?<\/h3>\n          <svg xmlns=\"http:\/\/www.w3.org\/2000\/svg\" viewBox=\"0 0 448 512\" style=\"fill:var(--wp--preset--color--primary);\">\n            <path d=\"M199 401c9.4 9.4 24.6 9.4 33.9 0L425 209c9.4-9.4 9.4-24.6 0-33.9s-24.6-9.4-33.9 0l-175 175L41 175c-9.4-9.4-24.6-9.4-33.9 0s-9.4 24.6 0 33.9L199 401z\" \/>\n          <\/svg>\n        <\/div>\n        <div class=\"accordion-content\" style=\"display:none;\">\n          <p>Une partie de notre engagement en tant que membre de la communaut\u00e9 est de ne pas nuire \u00e0 l&rsquo;environnement. C&rsquo;est pourquoi nous utilisons des produits respectueux de l&rsquo;environnement qui sont aussi efficaces que les produits de nettoyage chimiques traditionnels. Si vous pr\u00e9f\u00e9rez que nous utilisions des produits chimiques traditionnels, il vous suffit de nous le faire savoir lors de votre r\u00e9servation.  <\/p>\n        <\/div>\n      <\/div>\n        <div class=\"olympus-faq-item tod-accordion faq closed\" style=\"border-color:var(--wp--preset--color--primary);\">\n        <div class=\"accordion-title\">\n          <h3>Dois-je fournir de l&rsquo;eau ?<\/h3>\n          <svg xmlns=\"http:\/\/www.w3.org\/2000\/svg\" viewBox=\"0 0 448 512\" style=\"fill:var(--wp--preset--color--primary);\">\n            <path d=\"M199 401c9.4 9.4 24.6 9.4 33.9 0L425 209c9.4-9.4 9.4-24.6 0-33.9s-24.6-9.4-33.9 0l-175 175L41 175c-9.4-9.4-24.6-9.4-33.9 0s-9.4 24.6 0 33.9L199 401z\" \/>\n          <\/svg>\n        <\/div>\n        <div class=\"accordion-content\" style=\"display:none;\">\n          <p>Nous sommes \u00e9quip\u00e9s de tout ce dont nous avons besoin pour faire le travail, mais nous ne pouvons apporter qu&rsquo;une quantit\u00e9 limit\u00e9e d&rsquo;eau. (En raison du poids de l&rsquo;eau)<br \/>\nIl est plus \u00e9conomique pour nos clients de fournir une partie de l&rsquo;eau. Nous avons nos propres tuyaux \u00e0 brancher.    <\/p>\n        <\/div>\n      <\/div>\n        <div class=\"olympus-faq-item tod-accordion faq closed\" style=\"border-color:var(--wp--preset--color--primary);\">\n        <div class=\"accordion-title\">\n          <h3>Combien de temps faut-il pour nettoyer ma maison ou mes locaux commerciaux ?<\/h3>\n          <svg xmlns=\"http:\/\/www.w3.org\/2000\/svg\" viewBox=\"0 0 448 512\" style=\"fill:var(--wp--preset--color--primary);\">\n            <path d=\"M199 401c9.4 9.4 24.6 9.4 33.9 0L425 209c9.4-9.4 9.4-24.6 0-33.9s-24.6-9.4-33.9 0l-175 175L41 175c-9.4-9.4-24.6-9.4-33.9 0s-9.4 24.6 0 33.9L199 401z\" \/>\n          <\/svg>\n        <\/div>\n        <div class=\"accordion-content\" style=\"display:none;\">\n          <p>Le temps que nous passerons sur place d\u00e9pendra du niveau de nettoyage que vous aurez choisi et des extras (le cas \u00e9ch\u00e9ant) que vous aurez command\u00e9s. Nous assurons et garantissons la qualit\u00e9 de notre service. Si vous n&rsquo;\u00eates pas satisfait, nous reviendrons et nous nous assurerons de r\u00e9pondre \u00e0 vos pr\u00e9occupations.    <\/p>\n        <\/div>\n      <\/div>\n        <div class=\"olympus-faq-item tod-accordion faq closed\" style=\"border-color:var(--wp--preset--color--primary);\">\n        <div class=\"accordion-title\">\n          <h3>Comment puis-je reprogrammer ou annuler un nettoyage r\u00e9serv\u00e9 ?<\/h3>\n          <svg xmlns=\"http:\/\/www.w3.org\/2000\/svg\" viewBox=\"0 0 448 512\" style=\"fill:var(--wp--preset--color--primary);\">\n            <path d=\"M199 401c9.4 9.4 24.6 9.4 33.9 0L425 209c9.4-9.4 9.4-24.6 0-33.9s-24.6-9.4-33.9 0l-175 175L41 175c-9.4-9.4-24.6-9.4-33.9 0s-9.4 24.6 0 33.9L199 401z\" \/>\n          <\/svg>\n        <\/div>\n        <div class=\"accordion-content\" style=\"display:none;\">\n          <p>Appelez-nous ou envoyez-nous un courriel et nous mettrons \u00e0 jour votre r\u00e9servation. Cela ne prend que quelques secondes et nous vous enverrons une confirmation de r\u00e9servation actualis\u00e9e. Nos rappels de service par courrier \u00e9lectronique peuvent inclure un bouton de reprogrammation et\/ou d&rsquo;annulation qui vous permet de reprogrammer ou d&rsquo;annuler instantan\u00e9ment votre r\u00e9servation dans des d\u00e9lais pr\u00e9\u00e9tablis avant chaque service. veuillez lire les conditions de service.<\/p>\n        <\/div>\n      <\/div>\n        <div class=\"olympus-faq-item tod-accordion faq closed\" style=\"border-color:var(--wp--preset--color--primary);\">\n        <div class=\"accordion-title\">\n          <h3>Quelle est votre zone de service ?<\/h3>\n          <svg xmlns=\"http:\/\/www.w3.org\/2000\/svg\" viewBox=\"0 0 448 512\" style=\"fill:var(--wp--preset--color--primary);\">\n            <path d=\"M199 401c9.4 9.4 24.6 9.4 33.9 0L425 209c9.4-9.4 9.4-24.6 0-33.9s-24.6-9.4-33.9 0l-175 175L41 175c-9.4-9.4-24.6-9.4-33.9 0s-9.4 24.6 0 33.9L199 401z\" \/>\n          <\/svg>\n        <\/div>\n        <div class=\"accordion-content\" style=\"display:none;\">\n          \n<p><strong data-start=\"59\" data-end=\"89\">Quelle est votre zone de service ?<\/strong><br data-start=\"89\" data-end=\"92\"\/>Nous desservons la <strong data-start=\"105\" data-end=\"153\">r\u00e9gion m\u00e9tropolitaine de Montr\u00e9al et les communaut\u00e9s avoisinantes<\/strong>.<\/p>\n\n<p>Notre zone de service s&rsquo;agrandit constamment, donc si vous n&rsquo;\u00eates pas s\u00fbr que nous couvrons votre localit\u00e9, vous pouvez le faire :<\/p>\n\n<ul class=\"wp-block-list\">\n<li><strong data-start=\"267\" data-end=\"299\">Effectuez une r\u00e9servation rapide en ligne<\/strong>, ou<\/li>\n\n\n\n<li><strong data-start=\"308\" data-end=\"337\">Appelez-nous au (514) 662-9274<\/strong><\/li>\n<\/ul>\n\n<p>Nous vous confirmerons dans quelques secondes si nous pouvons venir chez vous.<\/p>\n        <\/div>\n      <\/div>\n        <div class=\"olympus-faq-item tod-accordion faq closed\" style=\"border-color:var(--wp--preset--color--primary);\">\n        <div class=\"accordion-title\">\n          <h3>Comment puis-je vous payer ?<\/h3>\n          <svg xmlns=\"http:\/\/www.w3.org\/2000\/svg\" viewBox=\"0 0 448 512\" style=\"fill:var(--wp--preset--color--primary);\">\n            <path d=\"M199 401c9.4 9.4 24.6 9.4 33.9 0L425 209c9.4-9.4 9.4-24.6 0-33.9s-24.6-9.4-33.9 0l-175 175L41 175c-9.4-9.4-24.6-9.4-33.9 0s-9.4 24.6 0 33.9L199 401z\" \/>\n          <\/svg>\n        <\/div>\n        <div class=\"accordion-content\" style=\"display:none;\">\n          <p>Nous acceptons les cartes VISA, Mastercard, American Express et Discover gr\u00e2ce \u00e0 nos pages pratiques de tarification et de r\u00e9servation en temps r\u00e9el. R\u00e9servez en ligne ou appelez-nous. Nous acceptons \u00e9galement les paiements en esp\u00e8ces au moment du service.<\/p>\n        <\/div>\n      <\/div>\n  <\/div>\n\n\n<div style=\"height:var(--wp--preset--spacing--50)\" aria-hidden=\"true\" class=\"wp-block-spacer\"><\/div>\n","protected":false},"excerpt":{"rendered":"","protected":false},"author":2,"featured_media":13989,"parent":0,"menu_order":0,"comment_status":"closed","ping_status":"closed","template":"","meta":{"_acf_changed":false,"footnotes":""},"class_list":["post-15128","page","type-page","status-publish","has-post-thumbnail","hentry"],"acf":[],"yoast_head":"<!-- This site is optimized with the Yoast SEO Premium plugin v27.4 (Yoast SEO v27.4) - https:\/\/yoast.com\/product\/yoast-seo-premium-wordpress\/ -->\n<title>Les questions les plus fr\u00e9quentes que tout le monde se pose<\/title>\n<meta name=\"description\" content=\"Trouvez les r\u00e9ponses \u00e0 vos questions gr\u00e2ce \u00e0 notre foire aux questions. Obtenez les informations dont vous avez besoin d\u00e8s aujourd&#039;hui.\" \/>\n<meta name=\"robots\" content=\"index, follow, max-snippet:-1, max-image-preview:large, max-video-preview:-1\" \/>\n<link rel=\"canonical\" href=\"https:\/\/batemanpowerwash.com\/fr\/questions-frequemment-posees\/\" \/>\n<meta property=\"og:locale\" content=\"fr_CA\" \/>\n<meta property=\"og:type\" content=\"article\" \/>\n<meta property=\"og:title\" content=\"Questions fr\u00e9quemment pos\u00e9es pour vous aider \u00e0 comprendre\" \/>\n<meta property=\"og:description\" content=\"Vous avez des questions ? Consultez notre Foire aux questions pour obtenir des r\u00e9ponses claires et concises.\" \/>\n<meta property=\"og:url\" content=\"https:\/\/batemanpowerwash.com\/fr\/questions-frequemment-posees\/\" \/>\n<meta property=\"og:site_name\" content=\"BATEMAN POWER WASH INC.\" \/>\n<meta property=\"article:modified_time\" content=\"2026-04-17T04:04:30+00:00\" \/>\n<meta property=\"og:image\" content=\"https:\/\/batemanpowerwash.com\/wp-content\/uploads\/2025\/04\/360_F_820261889_uVB22AH6smqm9IgklBO9BnW2iNyEOHct-1.jpg\" \/>\n<meta name=\"twitter:card\" content=\"summary_large_image\" \/>\n<meta name=\"twitter:title\" content=\"Questions fr\u00e9quemment pos\u00e9es\" \/>\n<script type=\"application\/ld+json\" class=\"yoast-schema-graph\">{\"@context\":\"https:\\\/\\\/schema.org\",\"@graph\":[{\"@type\":\"WebPage\",\"@id\":\"https:\\\/\\\/batemanpowerwash.com\\\/fr\\\/questions-frequemment-posees\\\/\",\"url\":\"https:\\\/\\\/batemanpowerwash.com\\\/fr\\\/questions-frequemment-posees\\\/\",\"name\":\"Les questions les plus fr\u00e9quentes que tout le monde se pose\",\"isPartOf\":{\"@id\":\"https:\\\/\\\/batemanpowerwash.com\\\/fr\\\/#website\"},\"primaryImageOfPage\":{\"@id\":\"https:\\\/\\\/batemanpowerwash.com\\\/fr\\\/questions-frequemment-posees\\\/#primaryimage\"},\"image\":{\"@id\":\"https:\\\/\\\/batemanpowerwash.com\\\/fr\\\/questions-frequemment-posees\\\/#primaryimage\"},\"thumbnailUrl\":\"https:\\\/\\\/batemanpowerwash.com\\\/wp-content\\\/uploads\\\/2025\\\/04\\\/IMG_5168.jpg\",\"datePublished\":\"2025-03-24T18:58:03+00:00\",\"dateModified\":\"2026-04-17T04:04:30+00:00\",\"description\":\"Trouvez les r\u00e9ponses \u00e0 vos questions gr\u00e2ce \u00e0 notre foire aux questions. Obtenez les informations dont vous avez besoin d\u00e8s aujourd'hui.\",\"breadcrumb\":{\"@id\":\"https:\\\/\\\/batemanpowerwash.com\\\/fr\\\/questions-frequemment-posees\\\/#breadcrumb\"},\"inLanguage\":\"fr-CA\",\"potentialAction\":[{\"@type\":\"ReadAction\",\"target\":[\"https:\\\/\\\/batemanpowerwash.com\\\/fr\\\/questions-frequemment-posees\\\/\"]}]},{\"@type\":\"ImageObject\",\"inLanguage\":\"fr-CA\",\"@id\":\"https:\\\/\\\/batemanpowerwash.com\\\/fr\\\/questions-frequemment-posees\\\/#primaryimage\",\"url\":\"https:\\\/\\\/batemanpowerwash.com\\\/wp-content\\\/uploads\\\/2025\\\/04\\\/IMG_5168.jpg\",\"contentUrl\":\"https:\\\/\\\/batemanpowerwash.com\\\/wp-content\\\/uploads\\\/2025\\\/04\\\/IMG_5168.jpg\",\"width\":1280,\"height\":1280},{\"@type\":\"BreadcrumbList\",\"@id\":\"https:\\\/\\\/batemanpowerwash.com\\\/fr\\\/questions-frequemment-posees\\\/#breadcrumb\",\"itemListElement\":[{\"@type\":\"ListItem\",\"position\":1,\"name\":\"Home\",\"item\":\"https:\\\/\\\/batemanpowerwash.com\\\/fr\\\/\"},{\"@type\":\"ListItem\",\"position\":2,\"name\":\"Questions fr\u00e9quemment pos\u00e9es\"}]},{\"@type\":\"WebSite\",\"@id\":\"https:\\\/\\\/batemanpowerwash.com\\\/fr\\\/#website\",\"url\":\"https:\\\/\\\/batemanpowerwash.com\\\/fr\\\/\",\"name\":\"Bateman Power Washing\",\"description\":\"\",\"publisher\":{\"@id\":\"https:\\\/\\\/batemanpowerwash.com\\\/fr\\\/#organization\"},\"potentialAction\":[{\"@type\":\"SearchAction\",\"target\":{\"@type\":\"EntryPoint\",\"urlTemplate\":\"https:\\\/\\\/batemanpowerwash.com\\\/fr\\\/?s={search_term_string}\"},\"query-input\":{\"@type\":\"PropertyValueSpecification\",\"valueRequired\":true,\"valueName\":\"search_term_string\"}}],\"inLanguage\":\"fr-CA\"},{\"@type\":\"Organization\",\"@id\":\"https:\\\/\\\/batemanpowerwash.com\\\/fr\\\/#organization\",\"name\":\"Bateman Power Washing\",\"url\":\"https:\\\/\\\/batemanpowerwash.com\\\/fr\\\/\",\"logo\":{\"@type\":\"ImageObject\",\"inLanguage\":\"fr-CA\",\"@id\":\"https:\\\/\\\/batemanpowerwash.com\\\/fr\\\/#\\\/schema\\\/logo\\\/image\\\/\",\"url\":\"https:\\\/\\\/batemanpowerwash.com\\\/wp-content\\\/uploads\\\/2025\\\/04\\\/1-1.png\",\"contentUrl\":\"https:\\\/\\\/batemanpowerwash.com\\\/wp-content\\\/uploads\\\/2025\\\/04\\\/1-1.png\",\"width\":1563,\"height\":627,\"caption\":\"Bateman Power Washing\"},\"image\":{\"@id\":\"https:\\\/\\\/batemanpowerwash.com\\\/fr\\\/#\\\/schema\\\/logo\\\/image\\\/\"}}]}<\/script>\n<!-- \/ Yoast SEO Premium plugin. -->","yoast_head_json":{"title":"Les questions les plus fr\u00e9quentes que tout le monde se pose","description":"Trouvez les r\u00e9ponses \u00e0 vos questions gr\u00e2ce \u00e0 notre foire aux questions. Obtenez les informations dont vous avez besoin d\u00e8s aujourd'hui.","robots":{"index":"index","follow":"follow","max-snippet":"max-snippet:-1","max-image-preview":"max-image-preview:large","max-video-preview":"max-video-preview:-1"},"canonical":"https:\/\/batemanpowerwash.com\/fr\/questions-frequemment-posees\/","og_locale":"fr_CA","og_type":"article","og_title":"Questions fr\u00e9quemment pos\u00e9es pour vous aider \u00e0 comprendre","og_description":"Vous avez des questions ? Consultez notre Foire aux questions pour obtenir des r\u00e9ponses claires et concises.","og_url":"https:\/\/batemanpowerwash.com\/fr\/questions-frequemment-posees\/","og_site_name":"BATEMAN POWER WASH INC.","article_modified_time":"2026-04-17T04:04:30+00:00","og_image":[{"url":"https:\/\/batemanpowerwash.com\/wp-content\/uploads\/2025\/04\/360_F_820261889_uVB22AH6smqm9IgklBO9BnW2iNyEOHct-1.jpg","type":"","width":"","height":""}],"twitter_card":"summary_large_image","twitter_title":"Questions fr\u00e9quemment pos\u00e9es","schema":{"@context":"https:\/\/schema.org","@graph":[{"@type":"WebPage","@id":"https:\/\/batemanpowerwash.com\/fr\/questions-frequemment-posees\/","url":"https:\/\/batemanpowerwash.com\/fr\/questions-frequemment-posees\/","name":"Les questions les plus fr\u00e9quentes que tout le monde se pose","isPartOf":{"@id":"https:\/\/batemanpowerwash.com\/fr\/#website"},"primaryImageOfPage":{"@id":"https:\/\/batemanpowerwash.com\/fr\/questions-frequemment-posees\/#primaryimage"},"image":{"@id":"https:\/\/batemanpowerwash.com\/fr\/questions-frequemment-posees\/#primaryimage"},"thumbnailUrl":"https:\/\/batemanpowerwash.com\/wp-content\/uploads\/2025\/04\/IMG_5168.jpg","datePublished":"2025-03-24T18:58:03+00:00","dateModified":"2026-04-17T04:04:30+00:00","description":"Trouvez les r\u00e9ponses \u00e0 vos questions gr\u00e2ce \u00e0 notre foire aux questions. Obtenez les informations dont vous avez besoin d\u00e8s aujourd'hui.","breadcrumb":{"@id":"https:\/\/batemanpowerwash.com\/fr\/questions-frequemment-posees\/#breadcrumb"},"inLanguage":"fr-CA","potentialAction":[{"@type":"ReadAction","target":["https:\/\/batemanpowerwash.com\/fr\/questions-frequemment-posees\/"]}]},{"@type":"ImageObject","inLanguage":"fr-CA","@id":"https:\/\/batemanpowerwash.com\/fr\/questions-frequemment-posees\/#primaryimage","url":"https:\/\/batemanpowerwash.com\/wp-content\/uploads\/2025\/04\/IMG_5168.jpg","contentUrl":"https:\/\/batemanpowerwash.com\/wp-content\/uploads\/2025\/04\/IMG_5168.jpg","width":1280,"height":1280},{"@type":"BreadcrumbList","@id":"https:\/\/batemanpowerwash.com\/fr\/questions-frequemment-posees\/#breadcrumb","itemListElement":[{"@type":"ListItem","position":1,"name":"Home","item":"https:\/\/batemanpowerwash.com\/fr\/"},{"@type":"ListItem","position":2,"name":"Questions fr\u00e9quemment pos\u00e9es"}]},{"@type":"WebSite","@id":"https:\/\/batemanpowerwash.com\/fr\/#website","url":"https:\/\/batemanpowerwash.com\/fr\/","name":"Bateman Power Washing","description":"","publisher":{"@id":"https:\/\/batemanpowerwash.com\/fr\/#organization"},"potentialAction":[{"@type":"SearchAction","target":{"@type":"EntryPoint","urlTemplate":"https:\/\/batemanpowerwash.com\/fr\/?s={search_term_string}"},"query-input":{"@type":"PropertyValueSpecification","valueRequired":true,"valueName":"search_term_string"}}],"inLanguage":"fr-CA"},{"@type":"Organization","@id":"https:\/\/batemanpowerwash.com\/fr\/#organization","name":"Bateman Power Washing","url":"https:\/\/batemanpowerwash.com\/fr\/","logo":{"@type":"ImageObject","inLanguage":"fr-CA","@id":"https:\/\/batemanpowerwash.com\/fr\/#\/schema\/logo\/image\/","url":"https:\/\/batemanpowerwash.com\/wp-content\/uploads\/2025\/04\/1-1.png","contentUrl":"https:\/\/batemanpowerwash.com\/wp-content\/uploads\/2025\/04\/1-1.png","width":1563,"height":627,"caption":"Bateman Power Washing"},"image":{"@id":"https:\/\/batemanpowerwash.com\/fr\/#\/schema\/logo\/image\/"}}]}},"_links":{"self":[{"href":"https:\/\/batemanpowerwash.com\/fr\/wp-json\/wp\/v2\/pages\/15128","targetHints":{"allow":["GET"]}}],"collection":[{"href":"https:\/\/batemanpowerwash.com\/fr\/wp-json\/wp\/v2\/pages"}],"about":[{"href":"https:\/\/batemanpowerwash.com\/fr\/wp-json\/wp\/v2\/types\/page"}],"author":[{"embeddable":true,"href":"https:\/\/batemanpowerwash.com\/fr\/wp-json\/wp\/v2\/users\/2"}],"replies":[{"embeddable":true,"href":"https:\/\/batemanpowerwash.com\/fr\/wp-json\/wp\/v2\/comments?post=15128"}],"version-history":[{"count":1,"href":"https:\/\/batemanpowerwash.com\/fr\/wp-json\/wp\/v2\/pages\/15128\/revisions"}],"predecessor-version":[{"id":15129,"href":"https:\/\/batemanpowerwash.com\/fr\/wp-json\/wp\/v2\/pages\/15128\/revisions\/15129"}],"wp:featuredmedia":[{"embeddable":true,"href":"https:\/\/batemanpowerwash.com\/fr\/wp-json\/wp\/v2\/media\/13989"}],"wp:attachment":[{"href":"https:\/\/batemanpowerwash.com\/fr\/wp-json\/wp\/v2\/media?parent=15128"}],"curies":[{"name":"wp","href":"https:\/\/api.w.org\/{rel}","templated":true}]}}