{"id":15136,"date":"2025-03-24T18:58:03","date_gmt":"2025-03-24T18:58:03","guid":{"rendered":"https:\/\/batemanpowerwash.com\/services-commerciaux-de-lavage-a-haute-pression\/nettoyage-des-bennes-a-ordures\/"},"modified":"2026-04-17T04:39:12","modified_gmt":"2026-04-17T04:39:12","slug":"nettoyage-des-bennes-a-ordures","status":"publish","type":"page","link":"https:\/\/batemanpowerwash.com\/fr\/services-commerciaux-de-lavage-a-haute-pression\/nettoyage-des-bennes-a-ordures\/","title":{"rendered":"Nettoyage des bennes \u00e0 ordures"},"content":{"rendered":"\n<div class=\"wp-block-cover alignfull orphic-motion-animation has-contrast-color has-text-color has-link-color wp-elements-1503c3bdc90c2c6918e035ca664407ec\" style=\"margin-top:0;margin-bottom:0;padding-top:var(--wp--preset--spacing--70);padding-bottom:var(--wp--preset--spacing--70);min-height:397px;aspect-ratio:unset;\" data-animation-type=\"fadeIn\" data-animation-distance=\"50\" data-animation-duration=\"300\" data-animation-delay=\"0\" data-animation-trigger=\"10\" data-scroll-behavior=\"playOnView\"><span aria-hidden=\"true\" class=\"wp-block-cover__background has-background-dim-100 has-background-dim has-background-gradient\" style=\"background:linear-gradient(180deg,rgb(255,255,255) 0%,rgba(255,255,255,0.4) 100%)\"><\/span><img loading=\"lazy\" decoding=\"async\" width=\"2000\" height=\"1333\" src=\"https:\/\/batemanpowerwash.com\/wp-content\/uploads\/2025\/07\/DSC05506Hero2.jpg\" class=\"wp-block-cover__image-background wp-post-image\" alt=\"\" data-object-fit=\"cover\" srcset=\"https:\/\/batemanpowerwash.com\/wp-content\/uploads\/2025\/07\/DSC05506Hero2.jpg 2000w, https:\/\/batemanpowerwash.com\/wp-content\/uploads\/2025\/07\/DSC05506Hero2-300x200.jpg 300w, https:\/\/batemanpowerwash.com\/wp-content\/uploads\/2025\/07\/DSC05506Hero2-1024x682.jpg 1024w, https:\/\/batemanpowerwash.com\/wp-content\/uploads\/2025\/07\/DSC05506Hero2-768x512.jpg 768w, https:\/\/batemanpowerwash.com\/wp-content\/uploads\/2025\/07\/DSC05506Hero2-1536x1024.jpg 1536w\" sizes=\"auto, (max-width: 2000px) 100vw, 2000px\" \/><div class=\"wp-block-cover__inner-container has-global-padding is-layout-constrained wp-container-core-cover-is-layout-c31b0537 wp-block-cover-is-layout-constrained\">\n\n<h1 class=\"has-text-align-center wp-block-post-title\">Nettoyage des bennes \u00e0 ordures<\/h1><\/div><\/div>\n\n\n\n<div id='miocommerce-integration'><\/div> \n <script> \n (function(p,l,a,t,f,o,r) { p['miocommerce-integration']=f;p[f]= function() {(p[f].q=p[f].q||[]).push(arguments)},p[f].l=1*new Date(); o=l.createElement(a),r=l.getElementsByTagName(a)[0];o.async=1;o.src=t+'?t='+1*new Date();r.parentNode.insertBefore(o,r) })(window,document,'script','\/\/int.miocommerce.com\/int\/platform.boot.min.js','miocommerce'); miocommerce('miocommerce','f7916dec-ef12-4252-84a2-9776b87f7734','booking','bateman-power-wash-inc-fr','fr','887ea20a-e88c-432f-a7ea-41f004023ffd'); \n <\/script>\n","protected":false},"excerpt":{"rendered":"","protected":false},"author":1,"featured_media":14371,"parent":15119,"menu_order":0,"comment_status":"closed","ping_status":"closed","template":"","meta":{"_acf_changed":false,"footnotes":""},"class_list":["post-15136","page","type-page","status-publish","has-post-thumbnail","hentry"],"acf":[],"yoast_head":"<!-- This site is optimized with the Yoast SEO Premium plugin v27.4 (Yoast SEO v27.4) - https:\/\/yoast.com\/product\/yoast-seo-premium-wordpress\/ -->\n<title>Nettoyage des bennes \u00e0 ordures pour un espace plus propre<\/title>\n<meta name=\"description\" content=\"D\u00e9couvrez des conseils essentiels pour le nettoyage des bennes \u00e0 ordures qui am\u00e9lioreront la propret\u00e9 et la durabilit\u00e9 de la gestion des d\u00e9chets.\" \/>\n<meta name=\"robots\" content=\"noindex, follow\" \/>\n<meta property=\"og:locale\" content=\"fr_CA\" \/>\n<meta property=\"og:type\" content=\"article\" \/>\n<meta property=\"og:title\" content=\"Nettoyage des bennes \u00e0 ordures : Un guide pour les propri\u00e9taires d&#039;entreprises\" \/>\n<meta property=\"og:description\" content=\"D\u00e9couvrez des strat\u00e9gies efficaces pour le nettoyage des tampons de bennes \u00e0 ordures afin d&#039;am\u00e9liorer la propret\u00e9 et de promouvoir un environnement plus s\u00fbr.\" \/>\n<meta property=\"og:url\" content=\"https:\/\/batemanpowerwash.com\/fr\/services-commerciaux-de-lavage-a-haute-pression\/nettoyage-des-bennes-a-ordures\/\" \/>\n<meta property=\"og:site_name\" content=\"BATEMAN POWER WASH INC.\" \/>\n<meta property=\"article:modified_time\" content=\"2026-04-17T04:39:12+00:00\" \/>\n<meta property=\"og:image\" content=\"https:\/\/batemanpowerwash.com\/wp-content\/uploads\/2025\/07\/DSC05506Hero2.jpg\" \/>\n\t<meta property=\"og:image:width\" content=\"2000\" \/>\n\t<meta property=\"og:image:height\" content=\"1333\" \/>\n\t<meta property=\"og:image:type\" content=\"image\/jpeg\" \/>\n<meta name=\"twitter:card\" content=\"summary_large_image\" \/>\n<meta name=\"twitter:title\" content=\"Nettoyage des bennes \u00e0 ordures\" \/>\n<meta name=\"twitter:label1\" content=\"Estimation du temps de lecture\" \/>\n\t<meta name=\"twitter:data1\" content=\"1 minute\" \/>\n<script type=\"application\/ld+json\" class=\"yoast-schema-graph\">{\"@context\":\"https:\\\/\\\/schema.org\",\"@graph\":[{\"@type\":\"WebPage\",\"@id\":\"https:\\\/\\\/batemanpowerwash.com\\\/fr\\\/services-commerciaux-de-lavage-a-haute-pression\\\/nettoyage-des-bennes-a-ordures\\\/\",\"url\":\"https:\\\/\\\/batemanpowerwash.com\\\/fr\\\/services-commerciaux-de-lavage-a-haute-pression\\\/nettoyage-des-bennes-a-ordures\\\/\",\"name\":\"Nettoyage des bennes \u00e0 ordures pour un espace plus propre\",\"isPartOf\":{\"@id\":\"https:\\\/\\\/batemanpowerwash.com\\\/fr\\\/#website\"},\"primaryImageOfPage\":{\"@id\":\"https:\\\/\\\/batemanpowerwash.com\\\/fr\\\/services-commerciaux-de-lavage-a-haute-pression\\\/nettoyage-des-bennes-a-ordures\\\/#primaryimage\"},\"image\":{\"@id\":\"https:\\\/\\\/batemanpowerwash.com\\\/fr\\\/services-commerciaux-de-lavage-a-haute-pression\\\/nettoyage-des-bennes-a-ordures\\\/#primaryimage\"},\"thumbnailUrl\":\"https:\\\/\\\/batemanpowerwash.com\\\/wp-content\\\/uploads\\\/2025\\\/07\\\/DSC05506Hero2.jpg\",\"datePublished\":\"2025-03-24T18:58:03+00:00\",\"dateModified\":\"2026-04-17T04:39:12+00:00\",\"description\":\"D\u00e9couvrez des conseils essentiels pour le nettoyage des bennes \u00e0 ordures qui am\u00e9lioreront la propret\u00e9 et la durabilit\u00e9 de la gestion des d\u00e9chets.\",\"breadcrumb\":{\"@id\":\"https:\\\/\\\/batemanpowerwash.com\\\/fr\\\/services-commerciaux-de-lavage-a-haute-pression\\\/nettoyage-des-bennes-a-ordures\\\/#breadcrumb\"},\"inLanguage\":\"fr-CA\",\"potentialAction\":[{\"@type\":\"ReadAction\",\"target\":[\"https:\\\/\\\/batemanpowerwash.com\\\/fr\\\/services-commerciaux-de-lavage-a-haute-pression\\\/nettoyage-des-bennes-a-ordures\\\/\"]}]},{\"@type\":\"ImageObject\",\"inLanguage\":\"fr-CA\",\"@id\":\"https:\\\/\\\/batemanpowerwash.com\\\/fr\\\/services-commerciaux-de-lavage-a-haute-pression\\\/nettoyage-des-bennes-a-ordures\\\/#primaryimage\",\"url\":\"https:\\\/\\\/batemanpowerwash.com\\\/wp-content\\\/uploads\\\/2025\\\/07\\\/DSC05506Hero2.jpg\",\"contentUrl\":\"https:\\\/\\\/batemanpowerwash.com\\\/wp-content\\\/uploads\\\/2025\\\/07\\\/DSC05506Hero2.jpg\",\"width\":2000,\"height\":1333},{\"@type\":\"BreadcrumbList\",\"@id\":\"https:\\\/\\\/batemanpowerwash.com\\\/fr\\\/services-commerciaux-de-lavage-a-haute-pression\\\/nettoyage-des-bennes-a-ordures\\\/#breadcrumb\",\"itemListElement\":[{\"@type\":\"ListItem\",\"position\":1,\"name\":\"Home\",\"item\":\"https:\\\/\\\/batemanpowerwash.com\\\/fr\\\/\"},{\"@type\":\"ListItem\",\"position\":2,\"name\":\"Services commerciaux de lavage \u00e0 haute pression\",\"item\":\"https:\\\/\\\/batemanpowerwash.com\\\/fr\\\/services-commerciaux-de-lavage-a-haute-pression\\\/\"},{\"@type\":\"ListItem\",\"position\":3,\"name\":\"Nettoyage des bennes \u00e0 ordures\"}]},{\"@type\":\"WebSite\",\"@id\":\"https:\\\/\\\/batemanpowerwash.com\\\/fr\\\/#website\",\"url\":\"https:\\\/\\\/batemanpowerwash.com\\\/fr\\\/\",\"name\":\"Bateman Power Washing\",\"description\":\"\",\"publisher\":{\"@id\":\"https:\\\/\\\/batemanpowerwash.com\\\/fr\\\/#organization\"},\"potentialAction\":[{\"@type\":\"SearchAction\",\"target\":{\"@type\":\"EntryPoint\",\"urlTemplate\":\"https:\\\/\\\/batemanpowerwash.com\\\/fr\\\/?s={search_term_string}\"},\"query-input\":{\"@type\":\"PropertyValueSpecification\",\"valueRequired\":true,\"valueName\":\"search_term_string\"}}],\"inLanguage\":\"fr-CA\"},{\"@type\":\"Organization\",\"@id\":\"https:\\\/\\\/batemanpowerwash.com\\\/fr\\\/#organization\",\"name\":\"Bateman Power Washing\",\"url\":\"https:\\\/\\\/batemanpowerwash.com\\\/fr\\\/\",\"logo\":{\"@type\":\"ImageObject\",\"inLanguage\":\"fr-CA\",\"@id\":\"https:\\\/\\\/batemanpowerwash.com\\\/fr\\\/#\\\/schema\\\/logo\\\/image\\\/\",\"url\":\"https:\\\/\\\/batemanpowerwash.com\\\/wp-content\\\/uploads\\\/2025\\\/04\\\/1-1.png\",\"contentUrl\":\"https:\\\/\\\/batemanpowerwash.com\\\/wp-content\\\/uploads\\\/2025\\\/04\\\/1-1.png\",\"width\":1563,\"height\":627,\"caption\":\"Bateman Power Washing\"},\"image\":{\"@id\":\"https:\\\/\\\/batemanpowerwash.com\\\/fr\\\/#\\\/schema\\\/logo\\\/image\\\/\"}}]}<\/script>\n<!-- \/ Yoast SEO Premium plugin. -->","yoast_head_json":{"title":"Nettoyage des bennes \u00e0 ordures pour un espace plus propre","description":"D\u00e9couvrez des conseils essentiels pour le nettoyage des bennes \u00e0 ordures qui am\u00e9lioreront la propret\u00e9 et la durabilit\u00e9 de la gestion des d\u00e9chets.","robots":{"index":"noindex","follow":"follow"},"og_locale":"fr_CA","og_type":"article","og_title":"Nettoyage des bennes \u00e0 ordures : Un guide pour les propri\u00e9taires d'entreprises","og_description":"D\u00e9couvrez des strat\u00e9gies efficaces pour le nettoyage des tampons de bennes \u00e0 ordures afin d'am\u00e9liorer la propret\u00e9 et de promouvoir un environnement plus s\u00fbr.","og_url":"https:\/\/batemanpowerwash.com\/fr\/services-commerciaux-de-lavage-a-haute-pression\/nettoyage-des-bennes-a-ordures\/","og_site_name":"BATEMAN POWER WASH INC.","article_modified_time":"2026-04-17T04:39:12+00:00","og_image":[{"width":2000,"height":1333,"url":"https:\/\/batemanpowerwash.com\/wp-content\/uploads\/2025\/07\/DSC05506Hero2.jpg","type":"image\/jpeg"}],"twitter_card":"summary_large_image","twitter_title":"Nettoyage des bennes \u00e0 ordures","twitter_misc":{"Estimation du temps de lecture":"1 minute"},"schema":{"@context":"https:\/\/schema.org","@graph":[{"@type":"WebPage","@id":"https:\/\/batemanpowerwash.com\/fr\/services-commerciaux-de-lavage-a-haute-pression\/nettoyage-des-bennes-a-ordures\/","url":"https:\/\/batemanpowerwash.com\/fr\/services-commerciaux-de-lavage-a-haute-pression\/nettoyage-des-bennes-a-ordures\/","name":"Nettoyage des bennes \u00e0 ordures pour un espace plus propre","isPartOf":{"@id":"https:\/\/batemanpowerwash.com\/fr\/#website"},"primaryImageOfPage":{"@id":"https:\/\/batemanpowerwash.com\/fr\/services-commerciaux-de-lavage-a-haute-pression\/nettoyage-des-bennes-a-ordures\/#primaryimage"},"image":{"@id":"https:\/\/batemanpowerwash.com\/fr\/services-commerciaux-de-lavage-a-haute-pression\/nettoyage-des-bennes-a-ordures\/#primaryimage"},"thumbnailUrl":"https:\/\/batemanpowerwash.com\/wp-content\/uploads\/2025\/07\/DSC05506Hero2.jpg","datePublished":"2025-03-24T18:58:03+00:00","dateModified":"2026-04-17T04:39:12+00:00","description":"D\u00e9couvrez des conseils essentiels pour le nettoyage des bennes \u00e0 ordures qui am\u00e9lioreront la propret\u00e9 et la durabilit\u00e9 de la gestion des d\u00e9chets.","breadcrumb":{"@id":"https:\/\/batemanpowerwash.com\/fr\/services-commerciaux-de-lavage-a-haute-pression\/nettoyage-des-bennes-a-ordures\/#breadcrumb"},"inLanguage":"fr-CA","potentialAction":[{"@type":"ReadAction","target":["https:\/\/batemanpowerwash.com\/fr\/services-commerciaux-de-lavage-a-haute-pression\/nettoyage-des-bennes-a-ordures\/"]}]},{"@type":"ImageObject","inLanguage":"fr-CA","@id":"https:\/\/batemanpowerwash.com\/fr\/services-commerciaux-de-lavage-a-haute-pression\/nettoyage-des-bennes-a-ordures\/#primaryimage","url":"https:\/\/batemanpowerwash.com\/wp-content\/uploads\/2025\/07\/DSC05506Hero2.jpg","contentUrl":"https:\/\/batemanpowerwash.com\/wp-content\/uploads\/2025\/07\/DSC05506Hero2.jpg","width":2000,"height":1333},{"@type":"BreadcrumbList","@id":"https:\/\/batemanpowerwash.com\/fr\/services-commerciaux-de-lavage-a-haute-pression\/nettoyage-des-bennes-a-ordures\/#breadcrumb","itemListElement":[{"@type":"ListItem","position":1,"name":"Home","item":"https:\/\/batemanpowerwash.com\/fr\/"},{"@type":"ListItem","position":2,"name":"Services commerciaux de lavage \u00e0 haute pression","item":"https:\/\/batemanpowerwash.com\/fr\/services-commerciaux-de-lavage-a-haute-pression\/"},{"@type":"ListItem","position":3,"name":"Nettoyage des bennes \u00e0 ordures"}]},{"@type":"WebSite","@id":"https:\/\/batemanpowerwash.com\/fr\/#website","url":"https:\/\/batemanpowerwash.com\/fr\/","name":"Bateman Power Washing","description":"","publisher":{"@id":"https:\/\/batemanpowerwash.com\/fr\/#organization"},"potentialAction":[{"@type":"SearchAction","target":{"@type":"EntryPoint","urlTemplate":"https:\/\/batemanpowerwash.com\/fr\/?s={search_term_string}"},"query-input":{"@type":"PropertyValueSpecification","valueRequired":true,"valueName":"search_term_string"}}],"inLanguage":"fr-CA"},{"@type":"Organization","@id":"https:\/\/batemanpowerwash.com\/fr\/#organization","name":"Bateman Power Washing","url":"https:\/\/batemanpowerwash.com\/fr\/","logo":{"@type":"ImageObject","inLanguage":"fr-CA","@id":"https:\/\/batemanpowerwash.com\/fr\/#\/schema\/logo\/image\/","url":"https:\/\/batemanpowerwash.com\/wp-content\/uploads\/2025\/04\/1-1.png","contentUrl":"https:\/\/batemanpowerwash.com\/wp-content\/uploads\/2025\/04\/1-1.png","width":1563,"height":627,"caption":"Bateman Power Washing"},"image":{"@id":"https:\/\/batemanpowerwash.com\/fr\/#\/schema\/logo\/image\/"}}]}},"_links":{"self":[{"href":"https:\/\/batemanpowerwash.com\/fr\/wp-json\/wp\/v2\/pages\/15136","targetHints":{"allow":["GET"]}}],"collection":[{"href":"https:\/\/batemanpowerwash.com\/fr\/wp-json\/wp\/v2\/pages"}],"about":[{"href":"https:\/\/batemanpowerwash.com\/fr\/wp-json\/wp\/v2\/types\/page"}],"author":[{"embeddable":true,"href":"https:\/\/batemanpowerwash.com\/fr\/wp-json\/wp\/v2\/users\/1"}],"replies":[{"embeddable":true,"href":"https:\/\/batemanpowerwash.com\/fr\/wp-json\/wp\/v2\/comments?post=15136"}],"version-history":[{"count":2,"href":"https:\/\/batemanpowerwash.com\/fr\/wp-json\/wp\/v2\/pages\/15136\/revisions"}],"predecessor-version":[{"id":15192,"href":"https:\/\/batemanpowerwash.com\/fr\/wp-json\/wp\/v2\/pages\/15136\/revisions\/15192"}],"up":[{"embeddable":true,"href":"https:\/\/batemanpowerwash.com\/fr\/wp-json\/wp\/v2\/pages\/15119"}],"wp:featuredmedia":[{"embeddable":true,"href":"https:\/\/batemanpowerwash.com\/fr\/wp-json\/wp\/v2\/media\/14371"}],"wp:attachment":[{"href":"https:\/\/batemanpowerwash.com\/fr\/wp-json\/wp\/v2\/media?parent=15136"}],"curies":[{"name":"wp","href":"https:\/\/api.w.org\/{rel}","templated":true}]}}